{"id":8508,"date":"2025-01-27T11:53:40","date_gmt":"2025-01-27T09:53:40","guid":{"rendered":"https:\/\/kim.lv\/?page_id=8508"},"modified":"2025-02-11T12:24:52","modified_gmt":"2025-02-11T10:24:52","slug":"accessibility","status":"publish","type":"page","link":"https:\/\/kim.lv\/en\/majas-lapa\/accessibility\/","title":{"rendered":"Accessibility"},"content":{"rendered":"Kim? Contemporary Art Centre is committed to making art accessible to everyone and is actively working to improve the accessibility of its spaces, exhibitions, website, and information for people with disabilities and functional impairments.<\/p>\n<p>&nbsp;<\/p>\n<p>&nbsp;<\/p>\n<p><strong>Access to the Premises<\/strong><\/p>\n<p>&nbsp;<\/p>\n<p>&nbsp;<\/p>\n<ul>\n<li>The art center is wheelchair accessible. The\u00a0 entrance is through the courtyard.<\/li>\n<li>A venue map is available to help plan your visit.<\/li>\n<\/ul>\n<p>&nbsp;<\/p>\n<p>&nbsp;<\/p>\n<p><strong>Assistance and Support<\/strong><\/p>\n<p>&nbsp;<\/p>\n<p>&nbsp;<\/p>\n<ul>\n<li>Visitors can request assistance from staff for mobility support and other needs. To reach us, call +371 29600916.<\/li>\n<li>We recommend contacting us in advance to arrange your visit and ensure the best possible assistance.<\/li>\n<\/ul>\n<p>&nbsp;<\/p>\n<p>&nbsp;<\/p>\n<p><strong>Information Accessibility<\/strong><\/p>\n<p>&nbsp;<\/p>\n<p>&nbsp;<\/p>\n<ul>\n<li>Exhibition and artwork descriptions are gradually being adapted into easy-to-read language and alternative formats.<\/li>\n<li>We are working towards compliance with digital accessibility guidelines for our website.<\/li>\n<\/ul>\n<p>&nbsp;<\/p>\n<p>&nbsp;<\/p>\n<p>For more information or to request assistance, please contact us:<\/p>\n<p>&nbsp;<\/p>\n<p>\ud83d\udce7 kim@kim.lv<br \/>\n\ud83d\udcde +371 29600916<\/p>\n<p>&nbsp;<\/p>\n<p>We welcome suggestions to further improve accessibility for all visitors!","protected":false},"excerpt":{"rendered":"<p>Kim? Contemporary Art Centre is committed to making art accessible to everyone and is actively working to improve the accessibility of its spaces, exhibitions, website, and information for people with disabilities and functional impairments. &nbsp; &nbsp; Access to the Premises &nbsp; &nbsp; The art center is wheelchair accessible. The\u00a0 entrance is through the courtyard. A [&hellip;]<\/p>\n","protected":false},"author":2,"featured_media":0,"parent":2,"menu_order":0,"comment_status":"closed","ping_status":"closed","template":"","meta":{"inline_featured_image":false,"footnotes":""},"class_list":["post-8508","page","type-page","status-publish","hentry"],"acf":[],"yoast_head":"<!-- This site is optimized with the Yoast SEO plugin v21.9 - https:\/\/yoast.com\/wordpress\/plugins\/seo\/ -->\n<title>Accessibility - Kim? Contemporary Art Centre<\/title>\n<meta name=\"robots\" content=\"index, follow, max-snippet:-1, max-image-preview:large, max-video-preview:-1\" \/>\n<link rel=\"canonical\" href=\"https:\/\/kim.lv\/majas-lapa\/accessibility\/\" \/>\n<meta property=\"og:locale\" content=\"en_US\" \/>\n<meta property=\"og:type\" content=\"article\" \/>\n<meta property=\"og:title\" content=\"[:en]Accessibility[:lv]Piek\u013c\u016bstam\u012bba[:] - Kim? Contemporary Art Centre\" \/>\n<meta property=\"og:description\" content=\"Kim? Contemporary Art Centre is committed to making art accessible to everyone and is actively working to improve the accessibility of its spaces, exhibitions, website, and information for people with disabilities and functional impairments. &nbsp; &nbsp; Access to the Premises &nbsp; &nbsp; The art center is wheelchair accessible. The\u00a0 entrance is through the courtyard. A [&hellip;]\" \/>\n<meta property=\"og:url\" content=\"https:\/\/kim.lv\/majas-lapa\/accessibility\/\" \/>\n<meta property=\"og:site_name\" content=\"Kim? Contemporary Art Centre\" \/>\n<meta property=\"article:modified_time\" content=\"2025-02-11T10:24:52+00:00\" \/>\n<meta name=\"twitter:card\" content=\"summary_large_image\" \/>\n<meta name=\"twitter:label1\" content=\"Est. reading time\" \/>\n\t<meta name=\"twitter:data1\" content=\"1 minute\" \/>\n<script type=\"application\/ld+json\" class=\"yoast-schema-graph\">{\"@context\":\"https:\/\/schema.org\",\"@graph\":[{\"@type\":\"WebPage\",\"@id\":\"https:\/\/kim.lv\/majas-lapa\/accessibility\/\",\"url\":\"https:\/\/kim.lv\/majas-lapa\/accessibility\/\",\"name\":\"[:en]Accessibility[:lv]Piek\u013c\u016bstam\u012bba[:] - Kim? Contemporary Art Centre\",\"isPartOf\":{\"@id\":\"https:\/\/kim.lv\/en\/#website\"},\"datePublished\":\"2025-01-27T09:53:40+00:00\",\"dateModified\":\"2025-02-11T10:24:52+00:00\",\"breadcrumb\":{\"@id\":\"https:\/\/kim.lv\/majas-lapa\/accessibility\/#breadcrumb\"},\"inLanguage\":\"en-US\",\"potentialAction\":[{\"@type\":\"ReadAction\",\"target\":[\"https:\/\/kim.lv\/majas-lapa\/accessibility\/\"]}]},{\"@type\":\"BreadcrumbList\",\"@id\":\"https:\/\/kim.lv\/majas-lapa\/accessibility\/#breadcrumb\",\"itemListElement\":[{\"@type\":\"ListItem\",\"position\":1,\"name\":\"Home\",\"item\":\"https:\/\/kim.lv\/\"},{\"@type\":\"ListItem\",\"position\":2,\"name\":\"Homepage\",\"item\":\"https:\/\/kim.lv\/\"},{\"@type\":\"ListItem\",\"position\":3,\"name\":\"Accessibility\"}]},{\"@type\":\"WebSite\",\"@id\":\"https:\/\/kim.lv\/en\/#website\",\"url\":\"https:\/\/kim.lv\/en\/\",\"name\":\"Kim? Contemporary Art Centre\",\"description\":\"\",\"potentialAction\":[{\"@type\":\"SearchAction\",\"target\":{\"@type\":\"EntryPoint\",\"urlTemplate\":\"https:\/\/kim.lv\/en\/?s={search_term_string}\"},\"query-input\":\"required name=search_term_string\"}],\"inLanguage\":\"en-US\"}]}<\/script>\n<!-- \/ Yoast SEO plugin. -->","yoast_head_json":{"title":"[:en]Accessibility[:lv]Piek\u013c\u016bstam\u012bba[:] - Kim? Contemporary Art Centre","robots":{"index":"index","follow":"follow","max-snippet":"max-snippet:-1","max-image-preview":"max-image-preview:large","max-video-preview":"max-video-preview:-1"},"canonical":"https:\/\/kim.lv\/majas-lapa\/accessibility\/","og_locale":"en_US","og_type":"article","og_title":"[:en]Accessibility[:lv]Piek\u013c\u016bstam\u012bba[:] - Kim? Contemporary Art Centre","og_description":"Kim? Contemporary Art Centre is committed to making art accessible to everyone and is actively working to improve the accessibility of its spaces, exhibitions, website, and information for people with disabilities and functional impairments. &nbsp; &nbsp; Access to the Premises &nbsp; &nbsp; The art center is wheelchair accessible. The\u00a0 entrance is through the courtyard. A [&hellip;]","og_url":"https:\/\/kim.lv\/majas-lapa\/accessibility\/","og_site_name":"Kim? Contemporary Art Centre","article_modified_time":"2025-02-11T10:24:52+00:00","twitter_card":"summary_large_image","twitter_misc":{"Est. reading time":"1 minute"},"schema":{"@context":"https:\/\/schema.org","@graph":[{"@type":"WebPage","@id":"https:\/\/kim.lv\/majas-lapa\/accessibility\/","url":"https:\/\/kim.lv\/majas-lapa\/accessibility\/","name":"[:en]Accessibility[:lv]Piek\u013c\u016bstam\u012bba[:] - Kim? Contemporary Art Centre","isPartOf":{"@id":"https:\/\/kim.lv\/en\/#website"},"datePublished":"2025-01-27T09:53:40+00:00","dateModified":"2025-02-11T10:24:52+00:00","breadcrumb":{"@id":"https:\/\/kim.lv\/majas-lapa\/accessibility\/#breadcrumb"},"inLanguage":"en-US","potentialAction":[{"@type":"ReadAction","target":["https:\/\/kim.lv\/majas-lapa\/accessibility\/"]}]},{"@type":"BreadcrumbList","@id":"https:\/\/kim.lv\/majas-lapa\/accessibility\/#breadcrumb","itemListElement":[{"@type":"ListItem","position":1,"name":"Home","item":"https:\/\/kim.lv\/"},{"@type":"ListItem","position":2,"name":"Homepage","item":"https:\/\/kim.lv\/"},{"@type":"ListItem","position":3,"name":"Accessibility"}]},{"@type":"WebSite","@id":"https:\/\/kim.lv\/en\/#website","url":"https:\/\/kim.lv\/en\/","name":"Kim? Contemporary Art Centre","description":"","potentialAction":[{"@type":"SearchAction","target":{"@type":"EntryPoint","urlTemplate":"https:\/\/kim.lv\/en\/?s={search_term_string}"},"query-input":"required name=search_term_string"}],"inLanguage":"en-US"}]}},"_links":{"self":[{"href":"https:\/\/kim.lv\/en\/wp-json\/wp\/v2\/pages\/8508","targetHints":{"allow":["GET"]}}],"collection":[{"href":"https:\/\/kim.lv\/en\/wp-json\/wp\/v2\/pages"}],"about":[{"href":"https:\/\/kim.lv\/en\/wp-json\/wp\/v2\/types\/page"}],"author":[{"embeddable":true,"href":"https:\/\/kim.lv\/en\/wp-json\/wp\/v2\/users\/2"}],"replies":[{"embeddable":true,"href":"https:\/\/kim.lv\/en\/wp-json\/wp\/v2\/comments?post=8508"}],"version-history":[{"count":15,"href":"https:\/\/kim.lv\/en\/wp-json\/wp\/v2\/pages\/8508\/revisions"}],"predecessor-version":[{"id":8558,"href":"https:\/\/kim.lv\/en\/wp-json\/wp\/v2\/pages\/8508\/revisions\/8558"}],"up":[{"embeddable":true,"href":"https:\/\/kim.lv\/en\/wp-json\/wp\/v2\/pages\/2"}],"wp:attachment":[{"href":"https:\/\/kim.lv\/en\/wp-json\/wp\/v2\/media?parent=8508"}],"curies":[{"name":"wp","href":"https:\/\/api.w.org\/{rel}","templated":true}]}}