{"id":1222,"date":"2018-02-20T23:45:59","date_gmt":"2018-02-20T21:45:59","guid":{"rendered":"http:\/\/dev.kim.lv\/?page_id=1222"},"modified":"2018-04-03T22:43:42","modified_gmt":"2018-04-03T19:43:42","slug":"upcoming","status":"publish","type":"page","link":"https:\/\/kim.lv\/lv\/events\/upcoming\/","title":{"rendered":"Dr\u012bzum\u0101"},"content":{"rendered":"","protected":false},"excerpt":{"rendered":"","protected":false},"author":2,"featured_media":0,"parent":1217,"menu_order":0,"comment_status":"closed","ping_status":"closed","template":"page-upcoming-events.php","meta":{"inline_featured_image":false,"footnotes":""},"class_list":["post-1222","page","type-page","status-publish","hentry"],"acf":[],"yoast_head":"<!-- This site is optimized with the Yoast SEO plugin v21.9 - https:\/\/yoast.com\/wordpress\/plugins\/seo\/ -->\n<title>Dr\u012bzum\u0101 - Kim? Laikmet\u012bg\u0101s m\u0101kslas centrs<\/title>\n<meta name=\"robots\" content=\"index, follow, max-snippet:-1, max-image-preview:large, max-video-preview:-1\" \/>\n<link rel=\"canonical\" href=\"https:\/\/kim.lv\/en\/events\/upcoming\/\" \/>\n<meta property=\"og:locale\" content=\"lv_LV\" \/>\n<meta property=\"og:type\" content=\"article\" \/>\n<meta property=\"og:title\" content=\"[:en]Upcoming[:lv]Dr\u012bzum\u0101[:] - Kim? Laikmet\u012bg\u0101s m\u0101kslas centrs\" \/>\n<meta property=\"og:url\" content=\"https:\/\/kim.lv\/en\/events\/upcoming\/\" \/>\n<meta property=\"og:site_name\" content=\"Kim? Laikmet\u012bg\u0101s m\u0101kslas centrs\" \/>\n<meta property=\"article:modified_time\" content=\"2018-04-03T19:43:42+00:00\" \/>\n<meta name=\"twitter:card\" content=\"summary_large_image\" \/>\n<script type=\"application\/ld+json\" class=\"yoast-schema-graph\">{\"@context\":\"https:\/\/schema.org\",\"@graph\":[{\"@type\":\"WebPage\",\"@id\":\"https:\/\/kim.lv\/en\/events\/upcoming\/\",\"url\":\"https:\/\/kim.lv\/en\/events\/upcoming\/\",\"name\":\"[:en]Upcoming[:lv]Dr\u012bzum\u0101[:] - Kim? Laikmet\u012bg\u0101s m\u0101kslas centrs\",\"isPartOf\":{\"@id\":\"https:\/\/kim.lv\/en\/#website\"},\"datePublished\":\"2018-02-20T21:45:59+00:00\",\"dateModified\":\"2018-04-03T19:43:42+00:00\",\"breadcrumb\":{\"@id\":\"https:\/\/kim.lv\/en\/events\/upcoming\/#breadcrumb\"},\"inLanguage\":\"lv-LV\",\"potentialAction\":[{\"@type\":\"ReadAction\",\"target\":[\"https:\/\/kim.lv\/en\/events\/upcoming\/\"]}]},{\"@type\":\"BreadcrumbList\",\"@id\":\"https:\/\/kim.lv\/en\/events\/upcoming\/#breadcrumb\",\"itemListElement\":[{\"@type\":\"ListItem\",\"position\":1,\"name\":\"Home\",\"item\":\"https:\/\/kim.lv\/\"},{\"@type\":\"ListItem\",\"position\":2,\"name\":\"Pas\u0101kumi\",\"item\":\"https:\/\/kim.lv\/lv\/events\/\"},{\"@type\":\"ListItem\",\"position\":3,\"name\":\"Upcoming\"}]},{\"@type\":\"WebSite\",\"@id\":\"https:\/\/kim.lv\/en\/#website\",\"url\":\"https:\/\/kim.lv\/en\/\",\"name\":\"Kim? Laikmet\u012bg\u0101s m\u0101kslas centrs\",\"description\":\"\",\"potentialAction\":[{\"@type\":\"SearchAction\",\"target\":{\"@type\":\"EntryPoint\",\"urlTemplate\":\"https:\/\/kim.lv\/en\/?s={search_term_string}\"},\"query-input\":\"required name=search_term_string\"}],\"inLanguage\":\"lv-LV\"}]}<\/script>\n<!-- \/ Yoast SEO plugin. -->","yoast_head_json":{"title":"[:en]Upcoming[:lv]Dr\u012bzum\u0101[:] - Kim? Laikmet\u012bg\u0101s m\u0101kslas centrs","robots":{"index":"index","follow":"follow","max-snippet":"max-snippet:-1","max-image-preview":"max-image-preview:large","max-video-preview":"max-video-preview:-1"},"canonical":"https:\/\/kim.lv\/en\/events\/upcoming\/","og_locale":"lv_LV","og_type":"article","og_title":"[:en]Upcoming[:lv]Dr\u012bzum\u0101[:] - Kim? Laikmet\u012bg\u0101s m\u0101kslas centrs","og_url":"https:\/\/kim.lv\/en\/events\/upcoming\/","og_site_name":"Kim? Laikmet\u012bg\u0101s m\u0101kslas centrs","article_modified_time":"2018-04-03T19:43:42+00:00","twitter_card":"summary_large_image","schema":{"@context":"https:\/\/schema.org","@graph":[{"@type":"WebPage","@id":"https:\/\/kim.lv\/en\/events\/upcoming\/","url":"https:\/\/kim.lv\/en\/events\/upcoming\/","name":"[:en]Upcoming[:lv]Dr\u012bzum\u0101[:] - Kim? Laikmet\u012bg\u0101s m\u0101kslas centrs","isPartOf":{"@id":"https:\/\/kim.lv\/en\/#website"},"datePublished":"2018-02-20T21:45:59+00:00","dateModified":"2018-04-03T19:43:42+00:00","breadcrumb":{"@id":"https:\/\/kim.lv\/en\/events\/upcoming\/#breadcrumb"},"inLanguage":"lv-LV","potentialAction":[{"@type":"ReadAction","target":["https:\/\/kim.lv\/en\/events\/upcoming\/"]}]},{"@type":"BreadcrumbList","@id":"https:\/\/kim.lv\/en\/events\/upcoming\/#breadcrumb","itemListElement":[{"@type":"ListItem","position":1,"name":"Home","item":"https:\/\/kim.lv\/"},{"@type":"ListItem","position":2,"name":"Pas\u0101kumi","item":"https:\/\/kim.lv\/lv\/events\/"},{"@type":"ListItem","position":3,"name":"Upcoming"}]},{"@type":"WebSite","@id":"https:\/\/kim.lv\/en\/#website","url":"https:\/\/kim.lv\/en\/","name":"Kim? Laikmet\u012bg\u0101s m\u0101kslas centrs","description":"","potentialAction":[{"@type":"SearchAction","target":{"@type":"EntryPoint","urlTemplate":"https:\/\/kim.lv\/en\/?s={search_term_string}"},"query-input":"required name=search_term_string"}],"inLanguage":"lv-LV"}]}},"_links":{"self":[{"href":"https:\/\/kim.lv\/lv\/wp-json\/wp\/v2\/pages\/1222","targetHints":{"allow":["GET"]}}],"collection":[{"href":"https:\/\/kim.lv\/lv\/wp-json\/wp\/v2\/pages"}],"about":[{"href":"https:\/\/kim.lv\/lv\/wp-json\/wp\/v2\/types\/page"}],"author":[{"embeddable":true,"href":"https:\/\/kim.lv\/lv\/wp-json\/wp\/v2\/users\/2"}],"replies":[{"embeddable":true,"href":"https:\/\/kim.lv\/lv\/wp-json\/wp\/v2\/comments?post=1222"}],"version-history":[{"count":2,"href":"https:\/\/kim.lv\/lv\/wp-json\/wp\/v2\/pages\/1222\/revisions"}],"predecessor-version":[{"id":1745,"href":"https:\/\/kim.lv\/lv\/wp-json\/wp\/v2\/pages\/1222\/revisions\/1745"}],"up":[{"embeddable":true,"href":"https:\/\/kim.lv\/lv\/wp-json\/wp\/v2\/pages\/1217"}],"wp:attachment":[{"href":"https:\/\/kim.lv\/lv\/wp-json\/wp\/v2\/media?parent=1222"}],"curies":[{"name":"wp","href":"https:\/\/api.w.org\/{rel}","templated":true}]}}