{"id":21,"date":"2018-01-30T01:45:33","date_gmt":"2018-01-29T23:45:33","guid":{"rendered":"http:\/\/dev.kim.lv\/?page_id=21"},"modified":"2026-03-16T16:13:40","modified_gmt":"2026-03-16T14:13:40","slug":"about-us","status":"publish","type":"page","link":"https:\/\/kim.lv\/lv\/about-us\/","title":{"rendered":"Par mums"},"content":{"rendered":"<span lang=\"LV\">Kim?<\/span><span lang=\"LV\">\u00a0ir m\u0101kslas centrs, kas piev\u0113rsies visda\u017e\u0101d\u0101kaj\u0101m idej\u0101m, \u017eestiem, tekst\u016br\u0101m un intervenc\u0113m. No \u201clabi tren\u0113ta hameleona sejas\u201d (Zane Onckule) tas main\u0101s uz\u00a0<em>cadavre exquis<\/em>, no \u201cpoligona, laboratorijas, b\u0101kas\u201d (J\u0101nis Borgs) \u2013 uz hibr\u012bdu organismu. 2009.\u00a0gad\u0101 dibin\u0101tais m\u0101kslas centrs ar pla\u0161u izst\u0101\u017eu programmu, starptautisk\u0101m sadarb\u012bb\u0101m, diskusij\u0101m, publik\u0101cij\u0101m, lekcij\u0101m un performanc\u0113m ir akt\u012bvi piedal\u012bjies m\u0101kslas diskursa veido\u0161an\u0101 gan Latvij\u0101, gan glob\u0101l\u0101 m\u0113rog\u0101. \u0160o gadu gait\u0101\u00a0Kim?\u00a0ir sadarbojies gan ar jauniem, gan jau labi zin\u0101miem m\u0101ksliniekiem, m\u0101kslas teor\u0113ti\u0137iem, kuratoriem, filozofiem, tulkot\u0101jiem un citu jomu dom\u0101t\u0101jiem, cen\u0161oties nodro\u0161in\u0101t atsauc\u012bgu kontekstu vi\u0146u darbam un padar\u012bt svar\u012bgas prakses pieejamas pla\u0161\u0101kai auditorijai.<\/span><\/p>\n<p>&nbsp;<\/p>\n<p><span lang=\"LV\">Jau pa\u0161\u0101\u00a0<\/span><span lang=\"LV\">K<\/span><span lang=\"LV\">im?<\/span><span lang=\"LV\">\u00a0nosaukum\u0101 ir iekod\u0113ts jaut\u0101jums (\u201ckas ir m\u0101ksla?\u201d), un tas turpina nemit\u012bgi jaut\u0101t: ko m\u016bsdien\u0101s noz\u012bm\u0113 b\u016bt kult\u016bras\u00a0<a>a\u0123entam<\/a><\/span><span class=\"m_1532495949940979394gmail-m_8467934111954992829gmail-m_-2076947089252023830gmail-MsoCommentReference\"><span lang=\"LV\">\u00a0<\/span><\/span><span lang=\"LV\">un darboties pla\u0161aj\u0101 laikmet\u012bg\u0101s m\u0101kslas ainav\u0101, k\u0101 izr\u0101d\u012bt m\u0101kslu un run\u0101t par to, k\u0101 m\u0101ksla darbojas da\u017e\u0101dos kontekstos \u2013 viet\u0113j\u0101s un glob\u0101l\u0101s ekonomik\u0101s, trad\u012bcij\u0101s, kult\u016br\u0101s un subkult\u016br\u0101s, laik\u0101 starp identit\u0101\u0161u izzu\u0161anu un atkalra\u0161anos.\u00a0<\/span><\/p>\n<p>&nbsp;<\/p>\n<p><span lang=\"LV\">Kim?<\/span><span lang=\"LV\"> pasp\u0101rn\u0113 tapu\u0161as vair\u0101k k\u0101 200 izst\u0101des, un tas turpina iedzi\u013cin\u0101ties, uzdot jaut\u0101jumus un veidot arvien jaunas izst\u0101des.<\/span><\/p>\n<p>&nbsp;<\/p>\n<p>(Kaspars Gro\u0161evs, 2019)<\/p>\n<p>&nbsp;<\/p>\n<p><img loading=\"lazy\" decoding=\"async\" class=\"alignnone wp-image-8012\" src=\"http:\/\/kim.lv\/wp-content\/uploads\/2024\/02\/titilbilde-1024x683.jpg\" alt=\"\" width=\"449\" height=\"299\" srcset=\"https:\/\/kim.lv\/wp-content\/uploads\/2024\/02\/titilbilde-1024x683.jpg 1024w, https:\/\/kim.lv\/wp-content\/uploads\/2024\/02\/titilbilde-300x200.jpg 300w, https:\/\/kim.lv\/wp-content\/uploads\/2024\/02\/titilbilde-768x512.jpg 768w, https:\/\/kim.lv\/wp-content\/uploads\/2024\/02\/titilbilde-1536x1025.jpg 1536w, https:\/\/kim.lv\/wp-content\/uploads\/2024\/02\/titilbilde.jpg 2000w\" sizes=\"auto, (max-width: 449px) 100vw, 449px\" \/><\/p>\n<p>&nbsp;<\/p>\n<p>&nbsp;<\/p>\n<p><img loading=\"lazy\" decoding=\"async\" class=\"alignnone wp-image-3209\" src=\"http:\/\/kim.lv\/wp-content\/uploads\/2018\/05\/N_floor_plan-1.png\" alt=\"\" width=\"450\" height=\"276\" srcset=\"https:\/\/kim.lv\/wp-content\/uploads\/2018\/05\/N_floor_plan-1.png 604w, https:\/\/kim.lv\/wp-content\/uploads\/2018\/05\/N_floor_plan-1-300x184.png 300w\" sizes=\"auto, (max-width: 450px) 100vw, 450px\" \/><\/p>\n<p><strong>Darba laiks:<\/strong><\/p>\n<p style=\"padding-left: 30px;\">Pirmdien\u0101s: sl\u0113gts<br \/>\nOtrdiena \u2013 sv\u0113tdiena<br \/>\n12.00 \u2013 18.00<\/p>\n<p>&nbsp;<\/p>\n<p><strong>Ieejas maksa:<\/strong><\/p>\n<p style=\"margin-left: 21.3pt;\">IEEJA BEZ MAKSAS<\/p>\n<p>&nbsp;<\/p>\n<p><strong>Kontakti:<\/strong><\/p>\n<p style=\"margin-left: 21.3pt;\">Sporta iela 2 k-1, LV-1013, R\u012bga<\/p>\n<p style=\"margin-left: 21.3pt;\">Tel. nr.: +371 29600916<\/p>\n<p style=\"margin-left: 21.3pt;\">E-pasts: kim@kim.lv<\/p>\n<p>&nbsp;<\/p>\n<p style=\"padding-left: 30px;\"><iframe loading=\"lazy\" style=\"border: 0;\" src=\"https:\/\/www.google.com\/maps\/embed?pb=!1m14!1m8!1m3!1d510.9070214262568!2d24.119767774430166!3d56.962906940876124!3m2!1i1024!2i768!4f13.1!3m3!1m2!1s0x46eecfc86e674b77%3A0xd04817ff62d9237e!2zS2ltPyBMYWlrbWV0xKtnxIFzIG3EgWtzbGFzIGNlbnRycw!5e0!3m2!1sen!2snl!4v1522950562472\" width=\"400\" height=\"250\" frameborder=\"0\" allowfullscreen=\"allowfullscreen\" data-mce-fragment=\"1\"><\/iframe><\/p>\n<p>&nbsp;<\/p>\n<p><strong>Biedr\u012bbas &#8220;KIM?&#8221; valde:<\/strong><\/p>\n<p style=\"padding-left: 40px;\">Zane \u010culkst\u0113na (valdes priek\u0161s\u0113d\u0113t\u0101ja), Evita Goze (valdes locekle)<\/p>\n<p>&nbsp;<\/p>\n<p style=\"padding-left: 40px;\">Zane \u010culkst\u0113na<\/p>\n<p style=\"padding-left: 40px;\">Dibin\u0101t\u0101ja<\/p>\n<p style=\"padding-left: 40px;\"><a href=\"mailto:zane.culkstena@kim.lv\">zane.culkstena@kim.lv<\/a><\/p>\n<p>&nbsp;<\/p>\n<p style=\"padding-left: 40px;\">Evita Goze<\/p>\n<p style=\"padding-left: 40px;\">Izpilddirektore<\/p>\n<p style=\"padding-left: 40px;\"><a href=\"mailto:evita.goze@kim.lv\">evita.goze@kim.lv<\/a><\/p>\n<p style=\"padding-left: 40px;\">+ 371 20201563<\/p>\n<p>&nbsp;<\/p>\n<p style=\"padding-left: 40px;\">Zane Onckule<\/p>\n<p style=\"padding-left: 40px;\">Programmas direktore<\/p>\n<p style=\"padding-left: 40px;\"><a href=\"mailto:zane.onckule@kim.lv\">zane.onckule@kim.lv<\/a><\/p>\n<p style=\"padding-left: 40px;\">+ 371 26537438<\/p>\n<p>&nbsp;<\/p>\n<p style=\"padding-left: 40px;\">Katr\u012bna Jau\u0123iete<\/p>\n<p style=\"padding-left: 40px;\">Projektu vad\u012bt\u0101ja<\/p>\n<p style=\"padding-left: 40px;\"><a href=\"mailto:katrina.jaugiete@kim.lv\">katrina.jaugiete@kim.lv<\/a><\/p>\n<p style=\"padding-left: 40px;\">+ 371 26660914<\/p>\n<p>&nbsp;<\/p>\n<p style=\"padding-left: 40px;\">D\u0101rta Purvl\u012bce<\/p>\n<p style=\"padding-left: 40px;\">Galerijas vad\u012bt\u0101ja<\/p>\n<p style=\"padding-left: 40px;\"><a href=\"mailto:darta.purvlice@kim.lv\">darta.purvlice@kim.lv<\/a><\/p>\n<p style=\"padding-left: 40px;\">+ 371 26424367<\/p>\n<p>&nbsp;<\/p>\n<p style=\"padding-left: 40px;\">Kristi\u0101na B\u0113rza<\/p>\n<p style=\"padding-left: 40px;\">Komunik\u0101cijas vad\u012bt\u0101ja<\/p>\n<p style=\"padding-left: 40px;\">kristiana.berza@kim.lv<\/p>\n<p style=\"padding-left: 40px;\">+371 28838933<\/p>\n<p>&nbsp;<\/p>\n<p>Rekviz\u012bti:<\/p>\n<p style=\"padding-left: 30px;\">Biedr\u012bba &#8220;KIM?&#8221;<\/p>\n<p style=\"padding-left: 30px;\">Sporta iela 2 k-1<\/p>\n<p style=\"padding-left: 30px;\">R\u012bga, LV-1013, Latvija<\/p>\n<p style=\"padding-left: 30px;\">Re\u0123. Nr. 40008128175<\/p>\n<p style=\"padding-left: 30px;\">VAT Re\u0123. Nr. LV40008128175<\/p>\n<p style=\"padding-left: 30px;\">Banka &#8220;Swedbank&#8221;, HABALV22<\/p>\n<p style=\"padding-left: 30px;\">Konta nr.\u00a0LV93HABA0551021167138<\/p>\n<p>&nbsp;<\/p>\n<p>&nbsp;<\/p>\n<p><a href=\"https:\/\/www.dropbox.com\/scl\/fi\/5a0qrhjyovxp0arxvdw6j\/KIM_statuti_2023.pdf?rlkey=vjpqjz66hz4rc3fvps4f6w5c6&amp;st=ppyy98u0&amp;dl=0\">Stat\u016bti<\/a><\/p>\n<p>&nbsp;<\/p>\n<p>L\u012bdzfinans\u0113:<\/p>\n<p><img loading=\"lazy\" decoding=\"async\" class=\"alignnone wp-image-8794\" src=\"http:\/\/kim.lv\/wp-content\/uploads\/2025\/10\/altum_attistiba_logo_bez_teksta-removebg-preview.png\" alt=\"\" width=\"161\" height=\"100\" srcset=\"https:\/\/kim.lv\/wp-content\/uploads\/2025\/10\/altum_attistiba_logo_bez_teksta-removebg-preview.png 633w, https:\/\/kim.lv\/wp-content\/uploads\/2025\/10\/altum_attistiba_logo_bez_teksta-removebg-preview-300x187.png 300w\" sizes=\"auto, (max-width: 161px) 100vw, 161px\" \/> <img loading=\"lazy\" decoding=\"async\" class=\"alignnone wp-image-8799\" src=\"http:\/\/kim.lv\/wp-content\/uploads\/2025\/10\/fondu-logo-_lidzfin-Photoroom-1024x586.png\" alt=\"\" width=\"175\" height=\"100\" srcset=\"https:\/\/kim.lv\/wp-content\/uploads\/2025\/10\/fondu-logo-_lidzfin-Photoroom-1024x586.png 1024w, https:\/\/kim.lv\/wp-content\/uploads\/2025\/10\/fondu-logo-_lidzfin-Photoroom-300x172.png 300w, https:\/\/kim.lv\/wp-content\/uploads\/2025\/10\/fondu-logo-_lidzfin-Photoroom-768x440.png 768w, https:\/\/kim.lv\/wp-content\/uploads\/2025\/10\/fondu-logo-_lidzfin-Photoroom.png 1280w\" sizes=\"auto, (max-width: 175px) 100vw, 175px\" \/>","protected":false},"excerpt":{"rendered":"<p>Kim?\u00a0ir m\u0101kslas centrs, kas piev\u0113rsies visda\u017e\u0101d\u0101kaj\u0101m idej\u0101m, \u017eestiem, tekst\u016br\u0101m un intervenc\u0113m. No \u201clabi tren\u0113ta hameleona sejas\u201d (Zane Onckule) tas main\u0101s uz\u00a0cadavre exquis, no \u201cpoligona, laboratorijas, b\u0101kas\u201d (J\u0101nis Borgs) \u2013 uz hibr\u012bdu organismu. 2009.\u00a0gad\u0101 dibin\u0101tais m\u0101kslas centrs ar pla\u0161u izst\u0101\u017eu programmu, starptautisk\u0101m sadarb\u012bb\u0101m, diskusij\u0101m, publik\u0101cij\u0101m, lekcij\u0101m un performanc\u0113m ir akt\u012bvi piedal\u012bjies m\u0101kslas diskursa veido\u0161an\u0101 gan Latvij\u0101, [&hellip;]<\/p>\n","protected":false},"author":2,"featured_media":8012,"parent":0,"menu_order":0,"comment_status":"closed","ping_status":"closed","template":"","meta":{"inline_featured_image":false,"footnotes":""},"class_list":["post-21","page","type-page","status-publish","has-post-thumbnail","hentry"],"acf":[],"yoast_head":"<!-- This site is optimized with the Yoast SEO plugin v21.9 - https:\/\/yoast.com\/wordpress\/plugins\/seo\/ -->\n<title>Par mums - Kim? Laikmet\u012bg\u0101s m\u0101kslas centrs<\/title>\n<meta name=\"robots\" content=\"index, follow, max-snippet:-1, max-image-preview:large, max-video-preview:-1\" \/>\n<link rel=\"canonical\" href=\"https:\/\/kim.lv\/about-us\/\" \/>\n<meta property=\"og:locale\" content=\"lv_LV\" \/>\n<meta property=\"og:type\" content=\"article\" \/>\n<meta property=\"og:title\" content=\"[:en]About us[:lv]Par mums[:] - Kim? Laikmet\u012bg\u0101s m\u0101kslas centrs\" \/>\n<meta property=\"og:description\" content=\"Kim?\u00a0ir m\u0101kslas centrs, kas piev\u0113rsies visda\u017e\u0101d\u0101kaj\u0101m idej\u0101m, \u017eestiem, tekst\u016br\u0101m un intervenc\u0113m. No \u201clabi tren\u0113ta hameleona sejas\u201d (Zane Onckule) tas main\u0101s uz\u00a0cadavre exquis, no \u201cpoligona, laboratorijas, b\u0101kas\u201d (J\u0101nis Borgs) \u2013 uz hibr\u012bdu organismu. 2009.\u00a0gad\u0101 dibin\u0101tais m\u0101kslas centrs ar pla\u0161u izst\u0101\u017eu programmu, starptautisk\u0101m sadarb\u012bb\u0101m, diskusij\u0101m, publik\u0101cij\u0101m, lekcij\u0101m un performanc\u0113m ir akt\u012bvi piedal\u012bjies m\u0101kslas diskursa veido\u0161an\u0101 gan Latvij\u0101, [&hellip;]\" \/>\n<meta property=\"og:url\" content=\"https:\/\/kim.lv\/about-us\/\" \/>\n<meta property=\"og:site_name\" content=\"Kim? Laikmet\u012bg\u0101s m\u0101kslas centrs\" \/>\n<meta property=\"article:modified_time\" content=\"2026-03-16T14:13:40+00:00\" \/>\n<meta property=\"og:image\" content=\"http:\/\/kim.lv\/wp-content\/uploads\/2024\/02\/titilbilde.jpg\" \/>\n\t<meta property=\"og:image:width\" content=\"2000\" \/>\n\t<meta property=\"og:image:height\" content=\"1334\" \/>\n\t<meta property=\"og:image:type\" content=\"image\/jpeg\" \/>\n<meta name=\"twitter:card\" content=\"summary_large_image\" \/>\n<meta name=\"twitter:label1\" content=\"Est. reading time\" \/>\n\t<meta name=\"twitter:data1\" content=\"3 minutes\" \/>\n<script type=\"application\/ld+json\" class=\"yoast-schema-graph\">{\"@context\":\"https:\/\/schema.org\",\"@graph\":[{\"@type\":\"WebPage\",\"@id\":\"https:\/\/kim.lv\/about-us\/\",\"url\":\"https:\/\/kim.lv\/about-us\/\",\"name\":\"[:en]About us[:lv]Par mums[:] - Kim? Laikmet\u012bg\u0101s m\u0101kslas centrs\",\"isPartOf\":{\"@id\":\"https:\/\/kim.lv\/en\/#website\"},\"datePublished\":\"2018-01-29T23:45:33+00:00\",\"dateModified\":\"2026-03-16T14:13:40+00:00\",\"breadcrumb\":{\"@id\":\"https:\/\/kim.lv\/about-us\/#breadcrumb\"},\"inLanguage\":\"lv-LV\",\"potentialAction\":[{\"@type\":\"ReadAction\",\"target\":[\"https:\/\/kim.lv\/about-us\/\"]}]},{\"@type\":\"BreadcrumbList\",\"@id\":\"https:\/\/kim.lv\/about-us\/#breadcrumb\",\"itemListElement\":[{\"@type\":\"ListItem\",\"position\":1,\"name\":\"Home\",\"item\":\"https:\/\/kim.lv\/\"},{\"@type\":\"ListItem\",\"position\":2,\"name\":\"About us\"}]},{\"@type\":\"WebSite\",\"@id\":\"https:\/\/kim.lv\/en\/#website\",\"url\":\"https:\/\/kim.lv\/en\/\",\"name\":\"Kim? Laikmet\u012bg\u0101s m\u0101kslas centrs\",\"description\":\"\",\"potentialAction\":[{\"@type\":\"SearchAction\",\"target\":{\"@type\":\"EntryPoint\",\"urlTemplate\":\"https:\/\/kim.lv\/en\/?s={search_term_string}\"},\"query-input\":\"required name=search_term_string\"}],\"inLanguage\":\"lv-LV\"}]}<\/script>\n<!-- \/ Yoast SEO plugin. -->","yoast_head_json":{"title":"[:en]About us[:lv]Par mums[:] - Kim? Laikmet\u012bg\u0101s m\u0101kslas centrs","robots":{"index":"index","follow":"follow","max-snippet":"max-snippet:-1","max-image-preview":"max-image-preview:large","max-video-preview":"max-video-preview:-1"},"canonical":"https:\/\/kim.lv\/about-us\/","og_locale":"lv_LV","og_type":"article","og_title":"[:en]About us[:lv]Par mums[:] - Kim? Laikmet\u012bg\u0101s m\u0101kslas centrs","og_description":"Kim?\u00a0ir m\u0101kslas centrs, kas piev\u0113rsies visda\u017e\u0101d\u0101kaj\u0101m idej\u0101m, \u017eestiem, tekst\u016br\u0101m un intervenc\u0113m. No \u201clabi tren\u0113ta hameleona sejas\u201d (Zane Onckule) tas main\u0101s uz\u00a0cadavre exquis, no \u201cpoligona, laboratorijas, b\u0101kas\u201d (J\u0101nis Borgs) \u2013 uz hibr\u012bdu organismu. 2009.\u00a0gad\u0101 dibin\u0101tais m\u0101kslas centrs ar pla\u0161u izst\u0101\u017eu programmu, starptautisk\u0101m sadarb\u012bb\u0101m, diskusij\u0101m, publik\u0101cij\u0101m, lekcij\u0101m un performanc\u0113m ir akt\u012bvi piedal\u012bjies m\u0101kslas diskursa veido\u0161an\u0101 gan Latvij\u0101, [&hellip;]","og_url":"https:\/\/kim.lv\/about-us\/","og_site_name":"Kim? Laikmet\u012bg\u0101s m\u0101kslas centrs","article_modified_time":"2026-03-16T14:13:40+00:00","og_image":[{"width":2000,"height":1334,"url":"http:\/\/kim.lv\/wp-content\/uploads\/2024\/02\/titilbilde.jpg","type":"image\/jpeg"}],"twitter_card":"summary_large_image","twitter_misc":{"Est. reading time":"3 minutes"},"schema":{"@context":"https:\/\/schema.org","@graph":[{"@type":"WebPage","@id":"https:\/\/kim.lv\/about-us\/","url":"https:\/\/kim.lv\/about-us\/","name":"[:en]About us[:lv]Par mums[:] - Kim? Laikmet\u012bg\u0101s m\u0101kslas centrs","isPartOf":{"@id":"https:\/\/kim.lv\/en\/#website"},"datePublished":"2018-01-29T23:45:33+00:00","dateModified":"2026-03-16T14:13:40+00:00","breadcrumb":{"@id":"https:\/\/kim.lv\/about-us\/#breadcrumb"},"inLanguage":"lv-LV","potentialAction":[{"@type":"ReadAction","target":["https:\/\/kim.lv\/about-us\/"]}]},{"@type":"BreadcrumbList","@id":"https:\/\/kim.lv\/about-us\/#breadcrumb","itemListElement":[{"@type":"ListItem","position":1,"name":"Home","item":"https:\/\/kim.lv\/"},{"@type":"ListItem","position":2,"name":"About us"}]},{"@type":"WebSite","@id":"https:\/\/kim.lv\/en\/#website","url":"https:\/\/kim.lv\/en\/","name":"Kim? Laikmet\u012bg\u0101s m\u0101kslas centrs","description":"","potentialAction":[{"@type":"SearchAction","target":{"@type":"EntryPoint","urlTemplate":"https:\/\/kim.lv\/en\/?s={search_term_string}"},"query-input":"required name=search_term_string"}],"inLanguage":"lv-LV"}]}},"_links":{"self":[{"href":"https:\/\/kim.lv\/lv\/wp-json\/wp\/v2\/pages\/21","targetHints":{"allow":["GET"]}}],"collection":[{"href":"https:\/\/kim.lv\/lv\/wp-json\/wp\/v2\/pages"}],"about":[{"href":"https:\/\/kim.lv\/lv\/wp-json\/wp\/v2\/types\/page"}],"author":[{"embeddable":true,"href":"https:\/\/kim.lv\/lv\/wp-json\/wp\/v2\/users\/2"}],"replies":[{"embeddable":true,"href":"https:\/\/kim.lv\/lv\/wp-json\/wp\/v2\/comments?post=21"}],"version-history":[{"count":167,"href":"https:\/\/kim.lv\/lv\/wp-json\/wp\/v2\/pages\/21\/revisions"}],"predecessor-version":[{"id":9186,"href":"https:\/\/kim.lv\/lv\/wp-json\/wp\/v2\/pages\/21\/revisions\/9186"}],"wp:featuredmedia":[{"embeddable":true,"href":"https:\/\/kim.lv\/lv\/wp-json\/wp\/v2\/media\/8012"}],"wp:attachment":[{"href":"https:\/\/kim.lv\/lv\/wp-json\/wp\/v2\/media?parent=21"}],"curies":[{"name":"wp","href":"https:\/\/api.w.org\/{rel}","templated":true}]}}