{"id":5195,"date":"2019-09-06T00:53:23","date_gmt":"2019-09-05T21:53:23","guid":{"rendered":"http:\/\/kim.lv\/?page_id=5195"},"modified":"2024-02-08T14:46:26","modified_gmt":"2024-02-08T12:46:26","slug":"izglitibas-programma","status":"publish","type":"page","link":"https:\/\/kim.lv\/lv\/izglitibas-programma\/","title":{"rendered":"Izgl\u012bt\u012bba"},"content":{"rendered":"<img loading=\"lazy\" decoding=\"async\" class=\"size-medium wp-image-5109 alignleft\" src=\"http:\/\/kim.lv\/wp-content\/uploads\/2019\/07\/9C4F12F1-F321-425F-B6FB-43F5D43EE43F-300x225.jpg\" alt=\"\" width=\"300\" height=\"225\" srcset=\"https:\/\/kim.lv\/wp-content\/uploads\/2019\/07\/9C4F12F1-F321-425F-B6FB-43F5D43EE43F-300x225.jpg 300w, https:\/\/kim.lv\/wp-content\/uploads\/2019\/07\/9C4F12F1-F321-425F-B6FB-43F5D43EE43F-768x576.jpg 768w, https:\/\/kim.lv\/wp-content\/uploads\/2019\/07\/9C4F12F1-F321-425F-B6FB-43F5D43EE43F.jpg 1024w\" sizes=\"auto, (max-width: 300px) 100vw, 300px\" \/><\/p>\n<p><span style=\"font-weight: 400;\">Kim? izst\u0101\u017eu programmas centr\u0101 ir m\u0101kslas darbs \u2013 p\u0101rsvar\u0101 jaunrad\u012bts, un t\u0101 veidot\u0101js, bet tam pret\u012b ir Kim? apmekl\u0113t\u0101js. \u201cKas tas ir? K\u0101 to uztvert? K\u0101 tas ir veidots?\u201d \u2013 k\u0101 par to run\u0101t, un k\u0101 nodot m\u0101kslinieka v\u0113st\u012bjumu un domas saprotam\u0101 l\u012bmen\u012b. Kim? jau 15 gadus pied\u0101v\u0101 platformu vizu\u0101lai p\u0113tniec\u012bbai, izzi\u0146ai un apskatei. Kop\u0161 2014. gada Kim? to dara struktur\u0113ti ar izgl\u012bt\u012bbas programmas pied\u0101v\u0101jumu.<\/span><b>\u00a0<\/b><span style=\"font-weight: 400;\">Apritot 15 gadiem, ir b\u016btisks moments, Kim? k\u0101 instit\u016bcijai reflekt\u0113t par to ko esam dar\u012bju\u0161i, kas ir bijis aizvad\u012bts veiksm\u012bgi vai pozit\u012bvi uztverts. \u0160o gadu laik\u0101 g\u016bt\u0101 pieredze ar\u012b \u013cauj uzlabot izgl\u012bt\u012bbas programmu un t\u0101s virzienu, t\u0101 joproj\u0101m glab\u0101 sev\u012b potenci\u0101lu.<\/span><\/p>\n<p>&nbsp;<\/p>\n<p>Katra izst\u0101\u017eu cikla ietvaros Kim? pied\u0101v\u0101 publisko programmu un izgl\u012bt\u012bbas aktivit\u0101tes, taj\u0101 skait\u0101 rado\u0161\u0101s darbn\u012bcas b\u0113rniem, jaunie\u0161iem, studentiem, \u0123imen\u0113m un kolekt\u012bviem.<\/p>\n<p>&nbsp;<\/p>\n<p><u>Aicin\u0101m pieteikt grupas t\u016bri, kuras laik\u0101 b\u016bs iesp\u0113ja iepaz\u012bt izst\u0101des gida vai mediatora vad\u012bb\u0101. Nor\u0101diet skolu vai iest\u0101di, paredzamo dal\u012bbnieku skaitu un vecumu, k\u0101 ar\u012b v\u0113lamo t\u016bres dienu un laiku.<br \/>\n<\/u><\/p>\n<p>&nbsp;<\/p>\n<p><strong>Kontakti:<\/strong><\/p>\n<p>Sporta iela 2 k-1, LV-1013, R\u012bga<\/p>\n<p>Tel. nr.: +371 29600916<\/p>\n<p>E-pasts: kim@kim.lv<\/p>\n<p><u>\u00a0<\/u><\/p>\n<p>&nbsp;<\/p>\n<p>&nbsp;<\/p>\n<p><strong>Microsoft kop\u0101 ar Kim? aicina skol\u0113nus veidot digit\u0101lu laikmet\u012bg\u0101s m\u0101kslas izst\u0101di starptautisk\u0101s Hour of Code stundas ietvaros!<\/strong><\/p>\n<p>&nbsp;<\/p>\n<p><img loading=\"lazy\" decoding=\"async\" class=\"wp-image-5363 alignleft\" src=\"http:\/\/kim.lv\/wp-content\/uploads\/2019\/12\/Key-Art_Minecraft_Education-Edition-1-1-300x169.jpg\" alt=\"\" width=\"397\" height=\"224\" srcset=\"https:\/\/kim.lv\/wp-content\/uploads\/2019\/12\/Key-Art_Minecraft_Education-Edition-1-1-300x169.jpg 300w, https:\/\/kim.lv\/wp-content\/uploads\/2019\/12\/Key-Art_Minecraft_Education-Edition-1-1-768x432.jpg 768w, https:\/\/kim.lv\/wp-content\/uploads\/2019\/12\/Key-Art_Minecraft_Education-Edition-1-1-1024x576.jpg 1024w, https:\/\/kim.lv\/wp-content\/uploads\/2019\/12\/Key-Art_Minecraft_Education-Edition-1-1.jpg 1920w\" sizes=\"auto, (max-width: 397px) 100vw, 397px\" \/>Gadsk\u0101rt\u0113j\u0101s Hour of Code jeb programm\u0113\u0161anas stundas ietvaros Microsoft kop\u0101 ar Laikmet\u012bg\u0101s m\u0101kslas centru Kim? aicina skol\u0113nus no vis\u0101m trim Baltijas valst\u012bm paraudz\u012bties uz m\u0101kslu un tehnolo\u0123ij\u0101m no piln\u012bgi cita skatpunkta, izveidojot savu laikmet\u012bg\u0101s m\u0101kslas instal\u0101ciju digit\u0101l\u0101s sp\u0113les Minecraft Education Edition vid\u0113. Pl\u0101nots, ka projekt\u0101 piedal\u012bsies jaunie\u0161i vis\u0101 Baltij\u0101 vecum\u0101 no 8 l\u012bdz 15 gadiem, tas norisin\u0101sies no 9. l\u012bdz 12. decembrim. Interesant\u0101kos darbus b\u016bs iesp\u0113jams apskat\u012bt KIM? Laikmet\u012bg\u0101s m\u0101kslas centra m\u0101jas lap\u0101.<\/p>\n<p>&nbsp;<\/p>\n<p><img loading=\"lazy\" decoding=\"async\" class=\"alignnone wp-image-5389\" src=\"http:\/\/kim.lv\/wp-content\/uploads\/2020\/01\/minecraft2-298x300.jpg\" alt=\"\" width=\"331\" height=\"334\" srcset=\"https:\/\/kim.lv\/wp-content\/uploads\/2020\/01\/minecraft2-298x300.jpg 298w, https:\/\/kim.lv\/wp-content\/uploads\/2020\/01\/minecraft2-150x150.jpg 150w, https:\/\/kim.lv\/wp-content\/uploads\/2020\/01\/minecraft2.jpg 525w\" sizes=\"auto, (max-width: 331px) 100vw, 331px\" \/> <img loading=\"lazy\" decoding=\"async\" class=\"alignnone wp-image-5390\" src=\"http:\/\/kim.lv\/wp-content\/uploads\/2020\/01\/minecraft3-300x300.jpg\" alt=\"\" width=\"326\" height=\"326\" srcset=\"https:\/\/kim.lv\/wp-content\/uploads\/2020\/01\/minecraft3-300x300.jpg 300w, https:\/\/kim.lv\/wp-content\/uploads\/2020\/01\/minecraft3-150x150.jpg 150w, https:\/\/kim.lv\/wp-content\/uploads\/2020\/01\/minecraft3.jpg 524w\" sizes=\"auto, (max-width: 326px) 100vw, 326px\" \/><\/p>\n<p>Idejas iedvesmas avots ir Laikmet\u012bg\u0101s m\u0101kslas centra Kim? 2012. gada izst\u0101\u017eu cikls \u201cSepti\u0146as ceturtdienas\u201d, ko veidoja m\u0101kslinieki Miks Mitr\u0113vics un Krist\u012bne Kursi\u0161a un kur\u0101 apmekl\u0113t\u0101ji izv\u0113l\u0113j\u0101s m\u0101kslinieku iez\u012bm\u0113tus konceptus, kas izlozes k\u0101rt\u012bb\u0101 tika realiz\u0113ti telpisk\u0101s instal\u0101cij\u0101s septi\u0146as ceturtdienas p\u0113c k\u0101rtas.<br \/>\n\u201c21. gadsimt\u0101 vienl\u012bdz svar\u012bgas ir tehnolo\u0123iju prasmes, rado\u0161ums un sp\u0113ja vizualiz\u0113t datus un idejas tehnolo\u0123iju vid\u0113. Ar \u0161o m\u0101kslas un tehnolo\u0123iju sint\u0113zes m\u0113\u0123in\u0101jumu m\u0113s v\u0113lamies iedvesmot gan jaunie\u0161us, gan vi\u0146u pedagogus paraudz\u012bties uz to, cik daudzveid\u012bgi un rado\u0161i var darboties digit\u0101laj\u0101 vid\u0113,\u201d skaidro Ren\u0101te Strazdi\u0146a, Microsoft vad\u012bt\u0101ja Baltij\u0101.<\/p>\n<p><img loading=\"lazy\" decoding=\"async\" class=\"alignnone wp-image-5391\" src=\"http:\/\/kim.lv\/wp-content\/uploads\/2020\/01\/minecraft4-300x300.jpg\" alt=\"\" width=\"332\" height=\"332\" srcset=\"https:\/\/kim.lv\/wp-content\/uploads\/2020\/01\/minecraft4-300x300.jpg 300w, https:\/\/kim.lv\/wp-content\/uploads\/2020\/01\/minecraft4-150x150.jpg 150w, https:\/\/kim.lv\/wp-content\/uploads\/2020\/01\/minecraft4.jpg 523w\" sizes=\"auto, (max-width: 332px) 100vw, 332px\" \/><img loading=\"lazy\" decoding=\"async\" class=\"alignnone wp-image-5388\" src=\"http:\/\/kim.lv\/wp-content\/uploads\/2020\/01\/minecraft1-300x295.jpg\" alt=\"\" width=\"336\" height=\"331\" srcset=\"https:\/\/kim.lv\/wp-content\/uploads\/2020\/01\/minecraft1-300x295.jpg 300w, https:\/\/kim.lv\/wp-content\/uploads\/2020\/01\/minecraft1.jpg 528w\" sizes=\"auto, (max-width: 336px) 100vw, 336px\" \/><\/p>\n<p>\u201dM\u0101ksla s\u0101kas ar m\u0101kslinieka ideju, kuru vi\u0146\u0161 realiz\u0113 da\u017e\u0101du materi\u0101lu un nemateri\u0101lu lietu rad\u012b\u0161anas proces\u0101, t\u0101d\u0113\u013c m\u016bsdien\u012bga m\u0101ksla sen vairs neaprobe\u017eojas ar t\u0113lniec\u012bbu, z\u012bm\u0113\u0161anu, vai glezno\u0161anu. Arvien bie\u017e\u0101k m\u0101kslas pasaul\u0113 tiek izmantoti digit\u0101lie r\u012bki. \u0160aj\u0101 projekt\u0101 tie \u013cauj b\u0113rniem un jaunie\u0161iem dom\u0101t, izgudrot un nojaukt robe\u017eas starp re\u0101lo telpu un digit\u0101lo vidi, iepaz\u012bstot m\u0101kslas formu, kur\u0101 Minecraft sp\u0113les vidi ir iesp\u0113ja p\u0101rv\u0113rst laikmet\u012bg\u0101s m\u0101kslas darbos,\u201d atz\u012bst programmas direktors Kaspars Gro\u0161evs.<\/p>\n<p>&nbsp;<\/p>\n<p>Pedagogi, kuri v\u0113las iesaist\u012bt projekt\u0101 savus skol\u0113nus, var pieteikties un sa\u0146emt nepiecie\u0161amo inform\u0101ciju dal\u012bbai \u0161\u012b gada programm\u0113\u0161anas stundai sazinoties ar projekta koordinatoru.<\/p>\n<p><img loading=\"lazy\" decoding=\"async\" class=\"alignnone wp-image-5394\" src=\"http:\/\/kim.lv\/wp-content\/uploads\/2020\/01\/mine1-300x300.jpg\" alt=\"\" width=\"335\" height=\"335\" srcset=\"https:\/\/kim.lv\/wp-content\/uploads\/2020\/01\/mine1-300x300.jpg 300w, https:\/\/kim.lv\/wp-content\/uploads\/2020\/01\/mine1-150x150.jpg 150w, https:\/\/kim.lv\/wp-content\/uploads\/2020\/01\/mine1.jpg 522w\" sizes=\"auto, (max-width: 335px) 100vw, 335px\" \/> <img loading=\"lazy\" decoding=\"async\" class=\"alignnone wp-image-5395\" src=\"http:\/\/kim.lv\/wp-content\/uploads\/2020\/01\/mine2-300x300.jpg\" alt=\"\" width=\"337\" height=\"337\" srcset=\"https:\/\/kim.lv\/wp-content\/uploads\/2020\/01\/mine2-300x300.jpg 300w, https:\/\/kim.lv\/wp-content\/uploads\/2020\/01\/mine2-150x150.jpg 150w, https:\/\/kim.lv\/wp-content\/uploads\/2020\/01\/mine2.jpg 524w\" sizes=\"auto, (max-width: 337px) 100vw, 337px\" \/><\/p>\n<p>Projekts tiek \u012bstenots Microsoft sadarb\u012bb\u0101 ar Laikmet\u012bg\u0101s m\u0101kslas centru Kim? un Datorzin\u012bbu Centru (DZC).<br \/>\nHour\u00a0of\u00a0Code akcij\u0101 pasaul\u0113 ik gadu piedal\u0101s vair\u0101k nek\u0101 100 miljoni dal\u012bbnieku. T\u0101 ietver stundu garu interakt\u012bvu ievadu programm\u0113\u0161an\u0101. Iniciat\u012bvu aizs\u0101ka bezpe\u013c\u0146as organiz\u0101cija\u00a0Code.org, un tai ir pievienoju\u0161\u0101s vair\u0101k nek\u0101 1000 partnerorganiz\u0101cijas, tostarp Microsoft k\u0101 viens no vado\u0161ajiem partneriem, k\u0101 ar\u012b br\u012bvpr\u0101t\u012bgie.<\/p>\n<p>&nbsp;<\/p>\n<p style=\"font-weight: 400;\">Lai sp\u0113l\u0113tu sp\u0113li ir nepiecie\u0161ams:<\/p>\n<p>&nbsp;<\/p>\n<ol style=\"font-weight: 400;\">\n<li class=\"m_-117643833193017876MsoListParagraphCxSpFirst\">Instal\u0113t dator\u0101 Minecraft:\u00a0Education\u00a0Edition\u00a0(<span lang=\"EN-US\"><a href=\"https:\/\/nam06.safelinks.protection.outlook.com\/?url=https%3A%2F%2Feducation.minecraft.net%2F&amp;data=02%7C01%7Ca-kacirc%40microsoft.com%7Cceffe24e13ff4e97405008d777d32688%7C72f988bf86f141af91ab2d7cd011db47%7C1%7C0%7C637109621673053592&amp;sdata=%2By983MuJ5QBZUmOjnesKrynOC%2FTOyijT%2BopvZd5NltE%3D&amp;reserved=0\" target=\"_blank\" rel=\"noopener\" data-saferedirecturl=\"https:\/\/www.google.com\/url?q=https:\/\/nam06.safelinks.protection.outlook.com\/?url%3Dhttps%253A%252F%252Feducation.minecraft.net%252F%26data%3D02%257C01%257Ca-kacirc%2540microsoft.com%257Cceffe24e13ff4e97405008d777d32688%257C72f988bf86f141af91ab2d7cd011db47%257C1%257C0%257C637109621673053592%26sdata%3D%252By983MuJ5QBZUmOjnesKrynOC%252FTOyijT%252BopvZd5NltE%253D%26reserved%3D0&amp;source=gmail&amp;ust=1575981600462000&amp;usg=AFQjCNGbAUcRY4TwMmW6unKtxoFgaqxDMQ\"><span lang=\"DE\"><wbr \/>https:\/\/education.minecraft.<wbr \/>net\/<\/span><\/a><\/span><span lang=\"DE\">)<\/span><u><\/u><u><\/u><\/li>\n<li class=\"m_-117643833193017876MsoListParagraphCxSpMiddle\">Lai ieietu MEE: nepiecie\u0161ams Office 365 Education konts un licence. (Ikviens ar der\u012bgu O 365 Education kontu var bezmaksas lejupiel\u0101d\u0113t MEE: izm\u0113\u0123in\u0101juma versiju. Bezmaksas versijai ir ierobe\u017eots pieteik\u0161an\u0101s skaits (25 skolot\u0101jiem un 10 studentiem. R\u012bgas izgl\u012bt\u012bbas iest\u0101d\u0113m jau ir Minecraft licences).<u><\/u><u><\/u><\/li>\n<li class=\"m_-117643833193017876MsoListParagraphCxSpMiddle\">Kad Minecraft:\u00a0Education\u00a0Edition\u00a0 instal\u0101cija ir pabeigta, ir nepiecie\u0161ams lejupiel\u0101d\u0113t uz Desktop <strong><a href=\"https:\/\/1drv.ms\/u\/s!AqbexP-sTLb7kvcxJ9hOeiCgyVQtyQ?e=GDerwH\" target=\"_blank\" rel=\"noopener\" data-saferedirecturl=\"https:\/\/www.google.com\/url?q=https:\/\/1drv.ms\/u\/s!AqbexP-sTLb7kvcxJ9hOeiCgyVQtyQ?e%3DaFde0L&amp;source=gmail&amp;ust=1575988528145000&amp;usg=AFQjCNF5YSehXo97DZolyQBLRb4UR2Oi5g\">KIM.mcworld failu<\/a> <\/strong>un import\u0113t. Pielikum\u0101 ir pieejams fails ar instrukcij\u0101m.<u><\/u><u><\/u><\/li>\n<li class=\"m_-117643833193017876MsoListParagraphCxSpLast\">Kad pasaule ir atv\u0113rta, seko nor\u0101d\u0113m un izpildi uzdevumu.<\/li>\n<\/ol>\n<p>&nbsp;<\/p>\n<p>###<\/p>\n<p>Par Minecraft: Education Edition<br \/>\nMinecraft sp\u0113les izgl\u012btojo\u0161\u0101 versija Minecraft: Education Edition ir atv\u0113rt\u0101s pasaules tipa sp\u0113le, kur\u0101 ieb\u016bv\u0113ti da\u017e\u0101di r\u012bki, lai padar\u012btu pieredzi izgl\u012btojo\u0161u. Skolot\u0101ji var pl\u0101not un veidot m\u0101c\u012bbu saturu t\u0101, lai sp\u0113les proces\u0101 skol\u0113ni apg\u016bst m\u0101c\u012bbu vielu un sadarb\u012bbas prasmes.<\/p>\n<p>&nbsp;<\/p>\n<p>Par Microsoft Latvia<br \/>\nMicrosoft p\u0101rst\u0101vniec\u012bba Latvij\u0101 ir dibin\u0101ta 1999. gad\u0101, un 2019. gad\u0101 komp\u0101nijai no gandr\u012bz 360 partneriem ir 87 zelta un sudraba sertific\u0113tie partneri, kuri kop\u0101 nodarbina vair\u0101kus t\u016bksto\u0161us darbinieku un Latvijas tautsaimniec\u012bb\u0101 veido vienotu, inovat\u012bvu un ra\u017eojo\u0161u strukt\u016bru ar b\u016btisku kop\u0113jo devumu valsts IKP. Microsoft Latvia profesion\u0101\u013ci jau 20 gadu nodro\u0161ina partneru atbalstu, servisu un risin\u0101jumu izstr\u0101di, k\u0101 ar\u012b m\u0101rketinga kampa\u0146as. J\u0101uzsver, ka Microsoft Latvij\u0101 da\u017e\u0101du sabiedr\u012bbas labuma projektu \u012bsteno\u0161an\u0101 invest\u0113jis, ziedojis naudu un programmat\u016bru vair\u0101ku desmitu miljonu ASV dol\u0101ru apjom\u0101.<\/p>\n<p>&nbsp;<\/p>\n<p>Par Microsoft<br \/>\nMicrosoft (Nasdaq \u201cMSFT\u201d @microsoft) virza digit\u0101lo transform\u0101ciju m\u0101ko\u0146tehnolo\u0123iju un lietu interneta laikmet\u0101. Uz\u0146\u0113muma misija ir sniegt iesp\u0113jas ikvienam cilv\u0113kam un ikvienai organiz\u0101cija uz pasaules sasniegt","protected":false},"excerpt":{"rendered":"<p>Kim? izst\u0101\u017eu programmas centr\u0101 ir m\u0101kslas darbs \u2013 p\u0101rsvar\u0101 jaunrad\u012bts, un t\u0101 veidot\u0101js, bet tam pret\u012b ir Kim? apmekl\u0113t\u0101js. \u201cKas tas ir? K\u0101 to uztvert? K\u0101 tas ir veidots?\u201d \u2013 k\u0101 par to run\u0101t, un k\u0101 nodot m\u0101kslinieka v\u0113st\u012bjumu un domas saprotam\u0101 l\u012bmen\u012b. Kim? jau 15 gadus pied\u0101v\u0101 platformu vizu\u0101lai p\u0113tniec\u012bbai, izzi\u0146ai un apskatei. Kop\u0161 [&hellip;]<\/p>\n","protected":false},"author":2,"featured_media":0,"parent":0,"menu_order":4,"comment_status":"closed","ping_status":"closed","template":"","meta":{"inline_featured_image":false,"footnotes":""},"class_list":["post-5195","page","type-page","status-publish","hentry"],"acf":[],"yoast_head":"<!-- This site is optimized with the Yoast SEO plugin v21.9 - https:\/\/yoast.com\/wordpress\/plugins\/seo\/ -->\n<title>Izgl\u012bt\u012bba - Kim? Laikmet\u012bg\u0101s m\u0101kslas centrs<\/title>\n<meta name=\"robots\" content=\"index, follow, max-snippet:-1, max-image-preview:large, max-video-preview:-1\" \/>\n<link rel=\"canonical\" href=\"https:\/\/kim.lv\/izglitibas-programma\/\" \/>\n<meta property=\"og:locale\" content=\"lv_LV\" \/>\n<meta property=\"og:type\" content=\"article\" \/>\n<meta property=\"og:title\" content=\"[:en]Education[:lv]Izgl\u012bt\u012bba[:] - Kim? Laikmet\u012bg\u0101s m\u0101kslas centrs\" \/>\n<meta property=\"og:description\" content=\"Kim? izst\u0101\u017eu programmas centr\u0101 ir m\u0101kslas darbs \u2013 p\u0101rsvar\u0101 jaunrad\u012bts, un t\u0101 veidot\u0101js, bet tam pret\u012b ir Kim? apmekl\u0113t\u0101js. \u201cKas tas ir? K\u0101 to uztvert? K\u0101 tas ir veidots?\u201d \u2013 k\u0101 par to run\u0101t, un k\u0101 nodot m\u0101kslinieka v\u0113st\u012bjumu un domas saprotam\u0101 l\u012bmen\u012b. Kim? jau 15 gadus pied\u0101v\u0101 platformu vizu\u0101lai p\u0113tniec\u012bbai, izzi\u0146ai un apskatei. Kop\u0161 [&hellip;]\" \/>\n<meta property=\"og:url\" content=\"https:\/\/kim.lv\/izglitibas-programma\/\" \/>\n<meta property=\"og:site_name\" content=\"Kim? Laikmet\u012bg\u0101s m\u0101kslas centrs\" \/>\n<meta property=\"article:modified_time\" content=\"2024-02-08T12:46:26+00:00\" \/>\n<meta property=\"og:image\" content=\"http:\/\/kim.lv\/wp-content\/uploads\/2019\/07\/9C4F12F1-F321-425F-B6FB-43F5D43EE43F-300x225.jpg\" \/>\n<meta name=\"twitter:card\" content=\"summary_large_image\" \/>\n<meta name=\"twitter:label1\" content=\"Est. reading time\" \/>\n\t<meta name=\"twitter:data1\" content=\"2 minutes\" \/>\n<script type=\"application\/ld+json\" class=\"yoast-schema-graph\">{\"@context\":\"https:\/\/schema.org\",\"@graph\":[{\"@type\":\"WebPage\",\"@id\":\"https:\/\/kim.lv\/izglitibas-programma\/\",\"url\":\"https:\/\/kim.lv\/izglitibas-programma\/\",\"name\":\"[:en]Education[:lv]Izgl\u012bt\u012bba[:] - Kim? Laikmet\u012bg\u0101s m\u0101kslas centrs\",\"isPartOf\":{\"@id\":\"https:\/\/kim.lv\/en\/#website\"},\"datePublished\":\"2019-09-05T21:53:23+00:00\",\"dateModified\":\"2024-02-08T12:46:26+00:00\",\"breadcrumb\":{\"@id\":\"https:\/\/kim.lv\/izglitibas-programma\/#breadcrumb\"},\"inLanguage\":\"lv-LV\",\"potentialAction\":[{\"@type\":\"ReadAction\",\"target\":[\"https:\/\/kim.lv\/izglitibas-programma\/\"]}]},{\"@type\":\"BreadcrumbList\",\"@id\":\"https:\/\/kim.lv\/izglitibas-programma\/#breadcrumb\",\"itemListElement\":[{\"@type\":\"ListItem\",\"position\":1,\"name\":\"Home\",\"item\":\"https:\/\/kim.lv\/\"},{\"@type\":\"ListItem\",\"position\":2,\"name\":\"Education\"}]},{\"@type\":\"WebSite\",\"@id\":\"https:\/\/kim.lv\/en\/#website\",\"url\":\"https:\/\/kim.lv\/en\/\",\"name\":\"Kim? Laikmet\u012bg\u0101s m\u0101kslas centrs\",\"description\":\"\",\"potentialAction\":[{\"@type\":\"SearchAction\",\"target\":{\"@type\":\"EntryPoint\",\"urlTemplate\":\"https:\/\/kim.lv\/en\/?s={search_term_string}\"},\"query-input\":\"required name=search_term_string\"}],\"inLanguage\":\"lv-LV\"}]}<\/script>\n<!-- \/ Yoast SEO plugin. -->","yoast_head_json":{"title":"[:en]Education[:lv]Izgl\u012bt\u012bba[:] - Kim? Laikmet\u012bg\u0101s m\u0101kslas centrs","robots":{"index":"index","follow":"follow","max-snippet":"max-snippet:-1","max-image-preview":"max-image-preview:large","max-video-preview":"max-video-preview:-1"},"canonical":"https:\/\/kim.lv\/izglitibas-programma\/","og_locale":"lv_LV","og_type":"article","og_title":"[:en]Education[:lv]Izgl\u012bt\u012bba[:] - Kim? Laikmet\u012bg\u0101s m\u0101kslas centrs","og_description":"Kim? izst\u0101\u017eu programmas centr\u0101 ir m\u0101kslas darbs \u2013 p\u0101rsvar\u0101 jaunrad\u012bts, un t\u0101 veidot\u0101js, bet tam pret\u012b ir Kim? apmekl\u0113t\u0101js. \u201cKas tas ir? K\u0101 to uztvert? K\u0101 tas ir veidots?\u201d \u2013 k\u0101 par to run\u0101t, un k\u0101 nodot m\u0101kslinieka v\u0113st\u012bjumu un domas saprotam\u0101 l\u012bmen\u012b. Kim? jau 15 gadus pied\u0101v\u0101 platformu vizu\u0101lai p\u0113tniec\u012bbai, izzi\u0146ai un apskatei. Kop\u0161 [&hellip;]","og_url":"https:\/\/kim.lv\/izglitibas-programma\/","og_site_name":"Kim? Laikmet\u012bg\u0101s m\u0101kslas centrs","article_modified_time":"2024-02-08T12:46:26+00:00","og_image":[{"url":"http:\/\/kim.lv\/wp-content\/uploads\/2019\/07\/9C4F12F1-F321-425F-B6FB-43F5D43EE43F-300x225.jpg"}],"twitter_card":"summary_large_image","twitter_misc":{"Est. reading time":"2 minutes"},"schema":{"@context":"https:\/\/schema.org","@graph":[{"@type":"WebPage","@id":"https:\/\/kim.lv\/izglitibas-programma\/","url":"https:\/\/kim.lv\/izglitibas-programma\/","name":"[:en]Education[:lv]Izgl\u012bt\u012bba[:] - Kim? Laikmet\u012bg\u0101s m\u0101kslas centrs","isPartOf":{"@id":"https:\/\/kim.lv\/en\/#website"},"datePublished":"2019-09-05T21:53:23+00:00","dateModified":"2024-02-08T12:46:26+00:00","breadcrumb":{"@id":"https:\/\/kim.lv\/izglitibas-programma\/#breadcrumb"},"inLanguage":"lv-LV","potentialAction":[{"@type":"ReadAction","target":["https:\/\/kim.lv\/izglitibas-programma\/"]}]},{"@type":"BreadcrumbList","@id":"https:\/\/kim.lv\/izglitibas-programma\/#breadcrumb","itemListElement":[{"@type":"ListItem","position":1,"name":"Home","item":"https:\/\/kim.lv\/"},{"@type":"ListItem","position":2,"name":"Education"}]},{"@type":"WebSite","@id":"https:\/\/kim.lv\/en\/#website","url":"https:\/\/kim.lv\/en\/","name":"Kim? Laikmet\u012bg\u0101s m\u0101kslas centrs","description":"","potentialAction":[{"@type":"SearchAction","target":{"@type":"EntryPoint","urlTemplate":"https:\/\/kim.lv\/en\/?s={search_term_string}"},"query-input":"required name=search_term_string"}],"inLanguage":"lv-LV"}]}},"_links":{"self":[{"href":"https:\/\/kim.lv\/lv\/wp-json\/wp\/v2\/pages\/5195","targetHints":{"allow":["GET"]}}],"collection":[{"href":"https:\/\/kim.lv\/lv\/wp-json\/wp\/v2\/pages"}],"about":[{"href":"https:\/\/kim.lv\/lv\/wp-json\/wp\/v2\/types\/page"}],"author":[{"embeddable":true,"href":"https:\/\/kim.lv\/lv\/wp-json\/wp\/v2\/users\/2"}],"replies":[{"embeddable":true,"href":"https:\/\/kim.lv\/lv\/wp-json\/wp\/v2\/comments?post=5195"}],"version-history":[{"count":23,"href":"https:\/\/kim.lv\/lv\/wp-json\/wp\/v2\/pages\/5195\/revisions"}],"predecessor-version":[{"id":8020,"href":"https:\/\/kim.lv\/lv\/wp-json\/wp\/v2\/pages\/5195\/revisions\/8020"}],"wp:attachment":[{"href":"https:\/\/kim.lv\/lv\/wp-json\/wp\/v2\/media?parent=5195"}],"curies":[{"name":"wp","href":"https:\/\/api.w.org\/{rel}","templated":true}]}}