{"id":5198,"date":"2019-09-06T00:54:09","date_gmt":"2019-09-05T21:54:09","guid":{"rendered":"http:\/\/kim.lv\/?page_id=5198"},"modified":"2024-10-15T16:46:00","modified_gmt":"2024-10-15T13:46:00","slug":"donations","status":"publish","type":"page","link":"https:\/\/kim.lv\/lv\/support\/donations\/","title":{"rendered":"Ziedojumi"},"content":{"rendered":"<form action=\"https:\/\/www.paypal.com\/cgi-bin\/webscr\" method=\"post\" target=\"_top\">Kim? ir bezpe\u013c\u0146as organiz\u0101cija, kur finans\u0113jumu veido m\u016bsu br\u012bni\u0161\u0137\u012bg\u0101s komandas motiv\u0113tie un nep\u0101rtrauktie centieni projekta rakst\u012b\u0161an\u0101!<\/p>\n<p>Kim? ir graciozi un lepni nodejojis 10 gadu laik\u0101 280 izst\u0101des bez pietiekama vai regul\u0101ra finans\u0113juma. Katrs mazais un atk\u0101rtotais m\u012blest\u012bbas un atbalsta akts \u013cauj mums turpin\u0101t str\u0101d\u0101t, rad\u012bt vair\u0101k projektu un n\u0101kt klaj\u0101 ar arvien vair\u0101k rado\u0161\u0101m idej\u0101m. Atbalsts pal\u012bdz\u0113s realiz\u0113t starptautiski konkur\u0113tsp\u0113j\u012bgu izst\u0101\u017eu un izgl\u012bt\u012bbas programmu, un sniegt ieguld\u012bjumu laikmet\u012bg\u0101s m\u0101kslas procesu att\u012bst\u012bb\u0101 Latvij\u0101. Pievienotais bonuss: Kim? ir sabiedrisk\u0101 labuma statuss, kas paredz, ka ziedot\u0101ji \u2013 gan priv\u0101tpersonas, gan uz\u0146\u0113mumi \u2013 var sa\u0146emt nodok\u013cu atlaides.<img loading=\"lazy\" decoding=\"async\" src=\"https:\/\/www.paypalobjects.com\/en_US\/i\/scr\/pixel.gif\" alt=\"\" width=\"1\" height=\"1\" border=\"0\" \/><\/p>\n<\/form>\n<p>M\u0113s m\u012blam savus atbalst\u012bt\u0101jus, dev\u0113jus graud\u0101, tehnolo\u0123ijas aizdev\u0113jus, ilgtermi\u0146a mecen\u0101tus, m\u0101kslas patronus, draudz\u012bgus uz\u0146\u0113mumus, g\u0101d\u012bg\u0101s un uz deta\u013c\u0101m orient\u0113t\u0101s instit\u016bcijas. Paldies!<\/p>\n<p>&nbsp;<\/p>\n<p>Ziedot iesp\u0113jams ar p\u0101rskait\u012bjumu uz Swedbank bankas kontu. Maks\u0101juma uzdevum\u0101 aicin\u0101m nor\u0101d\u012bt \u201cziedojums\u201d un savu kontaktinform\u0101ciju.<\/p>\n<p>BIEDR\u012aBA \u201eKIM?\u201d<br \/>\nAdrese: Sporta iela 2 k-1, R\u012bga, LV-1013, Latvija<br \/>\nRe\u0123istr\u0101cijas Nr.: 40008128175<br \/>\nBanka: Swedbank<br \/>\nSWIFT: HABALV22<br \/>\nKonta Nr. LV93HABA0551021167138","protected":false},"excerpt":{"rendered":"<p>Kim? ir bezpe\u013c\u0146as organiz\u0101cija, kur finans\u0113jumu veido m\u016bsu br\u012bni\u0161\u0137\u012bg\u0101s komandas motiv\u0113tie un nep\u0101rtrauktie centieni projekta rakst\u012b\u0161an\u0101! Kim? ir graciozi un lepni nodejojis 10 gadu laik\u0101 280 izst\u0101des bez pietiekama vai regul\u0101ra finans\u0113juma. Katrs mazais un atk\u0101rtotais m\u012blest\u012bbas un atbalsta akts \u013cauj mums turpin\u0101t str\u0101d\u0101t, rad\u012bt vair\u0101k projektu un n\u0101kt klaj\u0101 ar arvien vair\u0101k rado\u0161\u0101m idej\u0101m. [&hellip;]<\/p>\n","protected":false},"author":2,"featured_media":0,"parent":25,"menu_order":0,"comment_status":"closed","ping_status":"closed","template":"","meta":{"inline_featured_image":false,"footnotes":""},"class_list":["post-5198","page","type-page","status-publish","hentry"],"acf":[],"yoast_head":"<!-- This site is optimized with the Yoast SEO plugin v21.9 - https:\/\/yoast.com\/wordpress\/plugins\/seo\/ -->\n<title>Ziedojumi - Kim? Laikmet\u012bg\u0101s m\u0101kslas centrs<\/title>\n<meta name=\"robots\" content=\"index, follow, max-snippet:-1, max-image-preview:large, max-video-preview:-1\" \/>\n<link rel=\"canonical\" href=\"https:\/\/kim.lv\/support\/donations\/\" \/>\n<meta property=\"og:locale\" content=\"lv_LV\" \/>\n<meta property=\"og:type\" content=\"article\" \/>\n<meta property=\"og:title\" content=\"[:en]Donations[:lv]Ziedojumi[:] - Kim? Laikmet\u012bg\u0101s m\u0101kslas centrs\" \/>\n<meta property=\"og:description\" content=\"Kim? ir bezpe\u013c\u0146as organiz\u0101cija, kur finans\u0113jumu veido m\u016bsu br\u012bni\u0161\u0137\u012bg\u0101s komandas motiv\u0113tie un nep\u0101rtrauktie centieni projekta rakst\u012b\u0161an\u0101! Kim? ir graciozi un lepni nodejojis 10 gadu laik\u0101 280 izst\u0101des bez pietiekama vai regul\u0101ra finans\u0113juma. Katrs mazais un atk\u0101rtotais m\u012blest\u012bbas un atbalsta akts \u013cauj mums turpin\u0101t str\u0101d\u0101t, rad\u012bt vair\u0101k projektu un n\u0101kt klaj\u0101 ar arvien vair\u0101k rado\u0161\u0101m idej\u0101m. [&hellip;]\" \/>\n<meta property=\"og:url\" content=\"https:\/\/kim.lv\/support\/donations\/\" \/>\n<meta property=\"og:site_name\" content=\"Kim? Laikmet\u012bg\u0101s m\u0101kslas centrs\" \/>\n<meta property=\"article:modified_time\" content=\"2024-10-15T13:46:00+00:00\" \/>\n<meta property=\"og:image\" content=\"https:\/\/www.paypalobjects.com\/en_US\/i\/scr\/pixel.gif\" \/>\n<meta name=\"twitter:card\" content=\"summary_large_image\" \/>\n<meta name=\"twitter:label1\" content=\"Est. reading time\" \/>\n\t<meta name=\"twitter:data1\" content=\"1 minute\" \/>\n<script type=\"application\/ld+json\" class=\"yoast-schema-graph\">{\"@context\":\"https:\/\/schema.org\",\"@graph\":[{\"@type\":\"WebPage\",\"@id\":\"https:\/\/kim.lv\/support\/donations\/\",\"url\":\"https:\/\/kim.lv\/support\/donations\/\",\"name\":\"[:en]Donations[:lv]Ziedojumi[:] - Kim? Laikmet\u012bg\u0101s m\u0101kslas centrs\",\"isPartOf\":{\"@id\":\"https:\/\/kim.lv\/en\/#website\"},\"datePublished\":\"2019-09-05T21:54:09+00:00\",\"dateModified\":\"2024-10-15T13:46:00+00:00\",\"breadcrumb\":{\"@id\":\"https:\/\/kim.lv\/support\/donations\/#breadcrumb\"},\"inLanguage\":\"lv-LV\",\"potentialAction\":[{\"@type\":\"ReadAction\",\"target\":[\"https:\/\/kim.lv\/support\/donations\/\"]}]},{\"@type\":\"BreadcrumbList\",\"@id\":\"https:\/\/kim.lv\/support\/donations\/#breadcrumb\",\"itemListElement\":[{\"@type\":\"ListItem\",\"position\":1,\"name\":\"Home\",\"item\":\"https:\/\/kim.lv\/\"},{\"@type\":\"ListItem\",\"position\":2,\"name\":\"Support\",\"item\":\"https:\/\/kim.lv\/en\/support\/\"},{\"@type\":\"ListItem\",\"position\":3,\"name\":\"Donations\"}]},{\"@type\":\"WebSite\",\"@id\":\"https:\/\/kim.lv\/en\/#website\",\"url\":\"https:\/\/kim.lv\/en\/\",\"name\":\"Kim? Laikmet\u012bg\u0101s m\u0101kslas centrs\",\"description\":\"\",\"potentialAction\":[{\"@type\":\"SearchAction\",\"target\":{\"@type\":\"EntryPoint\",\"urlTemplate\":\"https:\/\/kim.lv\/en\/?s={search_term_string}\"},\"query-input\":\"required name=search_term_string\"}],\"inLanguage\":\"lv-LV\"}]}<\/script>\n<!-- \/ Yoast SEO plugin. -->","yoast_head_json":{"title":"[:en]Donations[:lv]Ziedojumi[:] - Kim? Laikmet\u012bg\u0101s m\u0101kslas centrs","robots":{"index":"index","follow":"follow","max-snippet":"max-snippet:-1","max-image-preview":"max-image-preview:large","max-video-preview":"max-video-preview:-1"},"canonical":"https:\/\/kim.lv\/support\/donations\/","og_locale":"lv_LV","og_type":"article","og_title":"[:en]Donations[:lv]Ziedojumi[:] - Kim? Laikmet\u012bg\u0101s m\u0101kslas centrs","og_description":"Kim? ir bezpe\u013c\u0146as organiz\u0101cija, kur finans\u0113jumu veido m\u016bsu br\u012bni\u0161\u0137\u012bg\u0101s komandas motiv\u0113tie un nep\u0101rtrauktie centieni projekta rakst\u012b\u0161an\u0101! Kim? ir graciozi un lepni nodejojis 10 gadu laik\u0101 280 izst\u0101des bez pietiekama vai regul\u0101ra finans\u0113juma. Katrs mazais un atk\u0101rtotais m\u012blest\u012bbas un atbalsta akts \u013cauj mums turpin\u0101t str\u0101d\u0101t, rad\u012bt vair\u0101k projektu un n\u0101kt klaj\u0101 ar arvien vair\u0101k rado\u0161\u0101m idej\u0101m. [&hellip;]","og_url":"https:\/\/kim.lv\/support\/donations\/","og_site_name":"Kim? Laikmet\u012bg\u0101s m\u0101kslas centrs","article_modified_time":"2024-10-15T13:46:00+00:00","og_image":[{"url":"https:\/\/www.paypalobjects.com\/en_US\/i\/scr\/pixel.gif"}],"twitter_card":"summary_large_image","twitter_misc":{"Est. reading time":"1 minute"},"schema":{"@context":"https:\/\/schema.org","@graph":[{"@type":"WebPage","@id":"https:\/\/kim.lv\/support\/donations\/","url":"https:\/\/kim.lv\/support\/donations\/","name":"[:en]Donations[:lv]Ziedojumi[:] - Kim? Laikmet\u012bg\u0101s m\u0101kslas centrs","isPartOf":{"@id":"https:\/\/kim.lv\/en\/#website"},"datePublished":"2019-09-05T21:54:09+00:00","dateModified":"2024-10-15T13:46:00+00:00","breadcrumb":{"@id":"https:\/\/kim.lv\/support\/donations\/#breadcrumb"},"inLanguage":"lv-LV","potentialAction":[{"@type":"ReadAction","target":["https:\/\/kim.lv\/support\/donations\/"]}]},{"@type":"BreadcrumbList","@id":"https:\/\/kim.lv\/support\/donations\/#breadcrumb","itemListElement":[{"@type":"ListItem","position":1,"name":"Home","item":"https:\/\/kim.lv\/"},{"@type":"ListItem","position":2,"name":"Support","item":"https:\/\/kim.lv\/en\/support\/"},{"@type":"ListItem","position":3,"name":"Donations"}]},{"@type":"WebSite","@id":"https:\/\/kim.lv\/en\/#website","url":"https:\/\/kim.lv\/en\/","name":"Kim? Laikmet\u012bg\u0101s m\u0101kslas centrs","description":"","potentialAction":[{"@type":"SearchAction","target":{"@type":"EntryPoint","urlTemplate":"https:\/\/kim.lv\/en\/?s={search_term_string}"},"query-input":"required name=search_term_string"}],"inLanguage":"lv-LV"}]}},"_links":{"self":[{"href":"https:\/\/kim.lv\/lv\/wp-json\/wp\/v2\/pages\/5198","targetHints":{"allow":["GET"]}}],"collection":[{"href":"https:\/\/kim.lv\/lv\/wp-json\/wp\/v2\/pages"}],"about":[{"href":"https:\/\/kim.lv\/lv\/wp-json\/wp\/v2\/types\/page"}],"author":[{"embeddable":true,"href":"https:\/\/kim.lv\/lv\/wp-json\/wp\/v2\/users\/2"}],"replies":[{"embeddable":true,"href":"https:\/\/kim.lv\/lv\/wp-json\/wp\/v2\/comments?post=5198"}],"version-history":[{"count":15,"href":"https:\/\/kim.lv\/lv\/wp-json\/wp\/v2\/pages\/5198\/revisions"}],"predecessor-version":[{"id":8433,"href":"https:\/\/kim.lv\/lv\/wp-json\/wp\/v2\/pages\/5198\/revisions\/8433"}],"up":[{"embeddable":true,"href":"https:\/\/kim.lv\/lv\/wp-json\/wp\/v2\/pages\/25"}],"wp:attachment":[{"href":"https:\/\/kim.lv\/lv\/wp-json\/wp\/v2\/media?parent=5198"}],"curies":[{"name":"wp","href":"https:\/\/api.w.org\/{rel}","templated":true}]}}