{"id":5200,"date":"2019-09-06T00:54:43","date_gmt":"2019-09-05T21:54:43","guid":{"rendered":"http:\/\/kim.lv\/?page_id=5200"},"modified":"2023-09-26T16:40:33","modified_gmt":"2023-09-26T13:40:33","slug":"corporate-sponsorship","status":"publish","type":"page","link":"https:\/\/kim.lv\/lv\/support\/corporate-sponsorship\/","title":{"rendered":"Korporat\u012bvais atbalsts"},"content":{"rendered":"K\u0101 akt\u012bvs un visp\u0101ratz\u012bts m\u016bsdienu m\u0101kslas centrs, Kim? piesaista daudzveid\u012bgu auditoriju, s\u0101kot no kult\u016bras entuziastiem, l\u012bdz \u0123imen\u0113m ar maziem b\u0113rniem, akt\u012bviem jaunie\u0161iem, senioriem un t\u016bristiem.<\/p>\n<p>M\u016bsu auditoriju piesaista izst\u0101des, kas raisa kritisku domu, personaliz\u0113ts izgl\u012btojo\u0161s fokuss un iesp\u0113ja iedzi\u013cin\u0101ties jaunos konceptos, apskatot jaunus m\u0101ksliniekus darbus. Kim? izst\u0101des regul\u0101ri sa\u0146em uzman\u012bbu pres\u0113, m\u016bsu atkl\u0101\u0161anas pas\u0101kumus apmekl\u0113 simtiem cilv\u0113ku, un t\u016bksto\u0161iem t\u0101s izstaig\u0101 gada gait\u0101. Visas izst\u0101des tiek bag\u0101tin\u0101tas ar publisk\u0101m programm\u0101m, un sabiedr\u012bbai ir iesp\u0113ja kl\u0101tien\u0113 satikties ar m\u0101ksliniekiem vai kuratoriem. J\u016bsu korporat\u012bvais atbalsts savienotu j\u016bsu uz\u0146\u0113mumu ar pla\u0161u un daudzveid\u012bgu auditoriju.<\/p>\n<p>Ja j\u016bsu uz\u0146\u0113mums v\u0113las k\u013c\u016bt par sponsoru vai ja jums ir interese sadarboties k\u0101d\u0101 projekt\u0101, sazinieties ar Evitu Gozi evita.goze@kim.lv","protected":false},"excerpt":{"rendered":"<p>K\u0101 akt\u012bvs un visp\u0101ratz\u012bts m\u016bsdienu m\u0101kslas centrs, Kim? piesaista daudzveid\u012bgu auditoriju, s\u0101kot no kult\u016bras entuziastiem, l\u012bdz \u0123imen\u0113m ar maziem b\u0113rniem, akt\u012bviem jaunie\u0161iem, senioriem un t\u016bristiem. M\u016bsu auditoriju piesaista izst\u0101des, kas raisa kritisku domu, personaliz\u0113ts izgl\u012btojo\u0161s fokuss un iesp\u0113ja iedzi\u013cin\u0101ties jaunos konceptos, apskatot jaunus m\u0101ksliniekus darbus. Kim? izst\u0101des regul\u0101ri sa\u0146em uzman\u012bbu pres\u0113, m\u016bsu atkl\u0101\u0161anas pas\u0101kumus apmekl\u0113 [&hellip;]<\/p>\n","protected":false},"author":2,"featured_media":0,"parent":25,"menu_order":0,"comment_status":"closed","ping_status":"closed","template":"","meta":{"inline_featured_image":false,"footnotes":""},"class_list":["post-5200","page","type-page","status-publish","hentry"],"acf":[],"yoast_head":"<!-- This site is optimized with the Yoast SEO plugin v21.9 - https:\/\/yoast.com\/wordpress\/plugins\/seo\/ -->\n<title>Korporat\u012bvais atbalsts - Kim? Laikmet\u012bg\u0101s m\u0101kslas centrs<\/title>\n<meta name=\"robots\" content=\"index, follow, max-snippet:-1, max-image-preview:large, max-video-preview:-1\" \/>\n<link rel=\"canonical\" href=\"https:\/\/kim.lv\/en\/support\/corporate-sponsorship\/\" \/>\n<meta property=\"og:locale\" content=\"lv_LV\" \/>\n<meta property=\"og:type\" content=\"article\" \/>\n<meta property=\"og:title\" content=\"[:en]Corporate sponsorship[:lv]Korporat\u012bvais atbalsts[:] - Kim? Laikmet\u012bg\u0101s m\u0101kslas centrs\" \/>\n<meta property=\"og:description\" content=\"K\u0101 akt\u012bvs un visp\u0101ratz\u012bts m\u016bsdienu m\u0101kslas centrs, Kim? piesaista daudzveid\u012bgu auditoriju, s\u0101kot no kult\u016bras entuziastiem, l\u012bdz \u0123imen\u0113m ar maziem b\u0113rniem, akt\u012bviem jaunie\u0161iem, senioriem un t\u016bristiem. M\u016bsu auditoriju piesaista izst\u0101des, kas raisa kritisku domu, personaliz\u0113ts izgl\u012btojo\u0161s fokuss un iesp\u0113ja iedzi\u013cin\u0101ties jaunos konceptos, apskatot jaunus m\u0101ksliniekus darbus. Kim? izst\u0101des regul\u0101ri sa\u0146em uzman\u012bbu pres\u0113, m\u016bsu atkl\u0101\u0161anas pas\u0101kumus apmekl\u0113 [&hellip;]\" \/>\n<meta property=\"og:url\" content=\"https:\/\/kim.lv\/en\/support\/corporate-sponsorship\/\" \/>\n<meta property=\"og:site_name\" content=\"Kim? Laikmet\u012bg\u0101s m\u0101kslas centrs\" \/>\n<meta property=\"article:modified_time\" content=\"2023-09-26T13:40:33+00:00\" \/>\n<meta name=\"twitter:card\" content=\"summary_large_image\" \/>\n<meta name=\"twitter:label1\" content=\"Est. reading time\" \/>\n\t<meta name=\"twitter:data1\" content=\"2 minutes\" \/>\n<script type=\"application\/ld+json\" class=\"yoast-schema-graph\">{\"@context\":\"https:\/\/schema.org\",\"@graph\":[{\"@type\":\"WebPage\",\"@id\":\"https:\/\/kim.lv\/en\/support\/corporate-sponsorship\/\",\"url\":\"https:\/\/kim.lv\/en\/support\/corporate-sponsorship\/\",\"name\":\"[:en]Corporate sponsorship[:lv]Korporat\u012bvais atbalsts[:] - Kim? Laikmet\u012bg\u0101s m\u0101kslas centrs\",\"isPartOf\":{\"@id\":\"https:\/\/kim.lv\/en\/#website\"},\"datePublished\":\"2019-09-05T21:54:43+00:00\",\"dateModified\":\"2023-09-26T13:40:33+00:00\",\"breadcrumb\":{\"@id\":\"https:\/\/kim.lv\/en\/support\/corporate-sponsorship\/#breadcrumb\"},\"inLanguage\":\"lv-LV\",\"potentialAction\":[{\"@type\":\"ReadAction\",\"target\":[\"https:\/\/kim.lv\/en\/support\/corporate-sponsorship\/\"]}]},{\"@type\":\"BreadcrumbList\",\"@id\":\"https:\/\/kim.lv\/en\/support\/corporate-sponsorship\/#breadcrumb\",\"itemListElement\":[{\"@type\":\"ListItem\",\"position\":1,\"name\":\"Home\",\"item\":\"https:\/\/kim.lv\/\"},{\"@type\":\"ListItem\",\"position\":2,\"name\":\"Support\",\"item\":\"https:\/\/kim.lv\/en\/support\/\"},{\"@type\":\"ListItem\",\"position\":3,\"name\":\"Corporate sponsorship\"}]},{\"@type\":\"WebSite\",\"@id\":\"https:\/\/kim.lv\/en\/#website\",\"url\":\"https:\/\/kim.lv\/en\/\",\"name\":\"Kim? Laikmet\u012bg\u0101s m\u0101kslas centrs\",\"description\":\"\",\"potentialAction\":[{\"@type\":\"SearchAction\",\"target\":{\"@type\":\"EntryPoint\",\"urlTemplate\":\"https:\/\/kim.lv\/en\/?s={search_term_string}\"},\"query-input\":\"required name=search_term_string\"}],\"inLanguage\":\"lv-LV\"}]}<\/script>\n<!-- \/ Yoast SEO plugin. -->","yoast_head_json":{"title":"[:en]Corporate sponsorship[:lv]Korporat\u012bvais atbalsts[:] - Kim? Laikmet\u012bg\u0101s m\u0101kslas centrs","robots":{"index":"index","follow":"follow","max-snippet":"max-snippet:-1","max-image-preview":"max-image-preview:large","max-video-preview":"max-video-preview:-1"},"canonical":"https:\/\/kim.lv\/en\/support\/corporate-sponsorship\/","og_locale":"lv_LV","og_type":"article","og_title":"[:en]Corporate sponsorship[:lv]Korporat\u012bvais atbalsts[:] - Kim? Laikmet\u012bg\u0101s m\u0101kslas centrs","og_description":"K\u0101 akt\u012bvs un visp\u0101ratz\u012bts m\u016bsdienu m\u0101kslas centrs, Kim? piesaista daudzveid\u012bgu auditoriju, s\u0101kot no kult\u016bras entuziastiem, l\u012bdz \u0123imen\u0113m ar maziem b\u0113rniem, akt\u012bviem jaunie\u0161iem, senioriem un t\u016bristiem. M\u016bsu auditoriju piesaista izst\u0101des, kas raisa kritisku domu, personaliz\u0113ts izgl\u012btojo\u0161s fokuss un iesp\u0113ja iedzi\u013cin\u0101ties jaunos konceptos, apskatot jaunus m\u0101ksliniekus darbus. Kim? izst\u0101des regul\u0101ri sa\u0146em uzman\u012bbu pres\u0113, m\u016bsu atkl\u0101\u0161anas pas\u0101kumus apmekl\u0113 [&hellip;]","og_url":"https:\/\/kim.lv\/en\/support\/corporate-sponsorship\/","og_site_name":"Kim? Laikmet\u012bg\u0101s m\u0101kslas centrs","article_modified_time":"2023-09-26T13:40:33+00:00","twitter_card":"summary_large_image","twitter_misc":{"Est. reading time":"2 minutes"},"schema":{"@context":"https:\/\/schema.org","@graph":[{"@type":"WebPage","@id":"https:\/\/kim.lv\/en\/support\/corporate-sponsorship\/","url":"https:\/\/kim.lv\/en\/support\/corporate-sponsorship\/","name":"[:en]Corporate sponsorship[:lv]Korporat\u012bvais atbalsts[:] - Kim? Laikmet\u012bg\u0101s m\u0101kslas centrs","isPartOf":{"@id":"https:\/\/kim.lv\/en\/#website"},"datePublished":"2019-09-05T21:54:43+00:00","dateModified":"2023-09-26T13:40:33+00:00","breadcrumb":{"@id":"https:\/\/kim.lv\/en\/support\/corporate-sponsorship\/#breadcrumb"},"inLanguage":"lv-LV","potentialAction":[{"@type":"ReadAction","target":["https:\/\/kim.lv\/en\/support\/corporate-sponsorship\/"]}]},{"@type":"BreadcrumbList","@id":"https:\/\/kim.lv\/en\/support\/corporate-sponsorship\/#breadcrumb","itemListElement":[{"@type":"ListItem","position":1,"name":"Home","item":"https:\/\/kim.lv\/"},{"@type":"ListItem","position":2,"name":"Support","item":"https:\/\/kim.lv\/en\/support\/"},{"@type":"ListItem","position":3,"name":"Corporate sponsorship"}]},{"@type":"WebSite","@id":"https:\/\/kim.lv\/en\/#website","url":"https:\/\/kim.lv\/en\/","name":"Kim? Laikmet\u012bg\u0101s m\u0101kslas centrs","description":"","potentialAction":[{"@type":"SearchAction","target":{"@type":"EntryPoint","urlTemplate":"https:\/\/kim.lv\/en\/?s={search_term_string}"},"query-input":"required name=search_term_string"}],"inLanguage":"lv-LV"}]}},"_links":{"self":[{"href":"https:\/\/kim.lv\/lv\/wp-json\/wp\/v2\/pages\/5200","targetHints":{"allow":["GET"]}}],"collection":[{"href":"https:\/\/kim.lv\/lv\/wp-json\/wp\/v2\/pages"}],"about":[{"href":"https:\/\/kim.lv\/lv\/wp-json\/wp\/v2\/types\/page"}],"author":[{"embeddable":true,"href":"https:\/\/kim.lv\/lv\/wp-json\/wp\/v2\/users\/2"}],"replies":[{"embeddable":true,"href":"https:\/\/kim.lv\/lv\/wp-json\/wp\/v2\/comments?post=5200"}],"version-history":[{"count":6,"href":"https:\/\/kim.lv\/lv\/wp-json\/wp\/v2\/pages\/5200\/revisions"}],"predecessor-version":[{"id":7623,"href":"https:\/\/kim.lv\/lv\/wp-json\/wp\/v2\/pages\/5200\/revisions\/7623"}],"up":[{"embeddable":true,"href":"https:\/\/kim.lv\/lv\/wp-json\/wp\/v2\/pages\/25"}],"wp:attachment":[{"href":"https:\/\/kim.lv\/lv\/wp-json\/wp\/v2\/media?parent=5200"}],"curies":[{"name":"wp","href":"https:\/\/api.w.org\/{rel}","templated":true}]}}