{"id":5202,"date":"2019-09-06T00:55:45","date_gmt":"2019-09-05T21:55:45","guid":{"rendered":"http:\/\/kim.lv\/?page_id=5202"},"modified":"2023-09-26T16:34:34","modified_gmt":"2023-09-26T13:34:34","slug":"patronu-braucieni","status":"publish","type":"page","link":"https:\/\/kim.lv\/lv\/support\/patronu-braucieni\/","title":{"rendered":"Patronu braucieni"},"content":{"rendered":"Kim? vair\u0101kk\u0101rt gad\u0101 r\u012bko p<span class=\"m_-4223360419212747610gmail-il\">atronu<\/span>\u00a0braucienus, lai kompetenta kuratora vad\u012bb\u0101 apzin\u0101tu laikmet\u012bg\u0101s kult\u016bras bag\u0101t\u012bbas. Programm\u0101 ietilpst priv\u0101tas ekskursijas da\u017e\u0101d\u0101s pasaules cien\u012bt\u0101s galerij\u0101s, iesp\u0113ju iel\u016bkoties m\u0101kslinieku studij\u0101s, satikt muzeju galvas, apskat\u012bt kolekcion\u0101ru m\u0101jas, un tas viss draudz\u012bg\u0101, priv\u0101t\u0101 atbalst\u012bt\u0101ju lok\u0101.<\/p>\n<p>&nbsp;<\/p>\n<p>Lai ieg\u016btu pla\u0161\u0101ku inform\u0101ciju par pl\u0101notajiem braucieniem, l\u016bdzu, rakstiet Evitai Gozei evita.goze@kim.lv<\/p>\n<p>&nbsp;<\/p>\n<p><span class=\"m_-4223360419212747610gmail-il\">Patronu<\/span>\u00a0atbalsts Kim? sniedz iesp\u0113ju mums un m\u016bsu m\u0101ksliniekiem turpin\u0101t nov\u0113rt\u0113to izst\u0101\u017eu un programmu veido\u0161anu.\u00a0 Kim? ir nevalstiska organiz\u0101cija ar sabiedrisk\u0101 labuma statusu.<\/p>\n<p>&nbsp;","protected":false},"excerpt":{"rendered":"<p>Kim? vair\u0101kk\u0101rt gad\u0101 r\u012bko patronu\u00a0braucienus, lai kompetenta kuratora vad\u012bb\u0101 apzin\u0101tu laikmet\u012bg\u0101s kult\u016bras bag\u0101t\u012bbas. Programm\u0101 ietilpst priv\u0101tas ekskursijas da\u017e\u0101d\u0101s pasaules cien\u012bt\u0101s galerij\u0101s, iesp\u0113ju iel\u016bkoties m\u0101kslinieku studij\u0101s, satikt muzeju galvas, apskat\u012bt kolekcion\u0101ru m\u0101jas, un tas viss draudz\u012bg\u0101, priv\u0101t\u0101 atbalst\u012bt\u0101ju lok\u0101. &nbsp; Lai ieg\u016btu pla\u0161\u0101ku inform\u0101ciju par pl\u0101notajiem braucieniem, l\u016bdzu, rakstiet Evitai Gozei evita.goze@kim.lv &nbsp; Patronu\u00a0atbalsts Kim? sniedz [&hellip;]<\/p>\n","protected":false},"author":2,"featured_media":0,"parent":25,"menu_order":0,"comment_status":"closed","ping_status":"closed","template":"","meta":{"inline_featured_image":false,"footnotes":""},"class_list":["post-5202","page","type-page","status-publish","hentry"],"acf":[],"yoast_head":"<!-- This site is optimized with the Yoast SEO plugin v21.9 - https:\/\/yoast.com\/wordpress\/plugins\/seo\/ -->\n<title>Patronu braucieni - Kim? Laikmet\u012bg\u0101s m\u0101kslas centrs<\/title>\n<meta name=\"robots\" content=\"index, follow, max-snippet:-1, max-image-preview:large, max-video-preview:-1\" \/>\n<link rel=\"canonical\" href=\"https:\/\/kim.lv\/en\/support\/patronu-braucieni\/\" \/>\n<meta property=\"og:locale\" content=\"lv_LV\" \/>\n<meta property=\"og:type\" content=\"article\" \/>\n<meta property=\"og:title\" content=\"[:en]Patron trips[:lv]Patronu braucieni[:] - Kim? Laikmet\u012bg\u0101s m\u0101kslas centrs\" \/>\n<meta property=\"og:description\" content=\"Kim? vair\u0101kk\u0101rt gad\u0101 r\u012bko patronu\u00a0braucienus, lai kompetenta kuratora vad\u012bb\u0101 apzin\u0101tu laikmet\u012bg\u0101s kult\u016bras bag\u0101t\u012bbas. Programm\u0101 ietilpst priv\u0101tas ekskursijas da\u017e\u0101d\u0101s pasaules cien\u012bt\u0101s galerij\u0101s, iesp\u0113ju iel\u016bkoties m\u0101kslinieku studij\u0101s, satikt muzeju galvas, apskat\u012bt kolekcion\u0101ru m\u0101jas, un tas viss draudz\u012bg\u0101, priv\u0101t\u0101 atbalst\u012bt\u0101ju lok\u0101. &nbsp; Lai ieg\u016btu pla\u0161\u0101ku inform\u0101ciju par pl\u0101notajiem braucieniem, l\u016bdzu, rakstiet Evitai Gozei evita.goze@kim.lv &nbsp; Patronu\u00a0atbalsts Kim? sniedz [&hellip;]\" \/>\n<meta property=\"og:url\" content=\"https:\/\/kim.lv\/en\/support\/patronu-braucieni\/\" \/>\n<meta property=\"og:site_name\" content=\"Kim? Laikmet\u012bg\u0101s m\u0101kslas centrs\" \/>\n<meta property=\"article:modified_time\" content=\"2023-09-26T13:34:34+00:00\" \/>\n<meta name=\"twitter:card\" content=\"summary_large_image\" \/>\n<meta name=\"twitter:label1\" content=\"Est. reading time\" \/>\n\t<meta name=\"twitter:data1\" content=\"1 minute\" \/>\n<script type=\"application\/ld+json\" class=\"yoast-schema-graph\">{\"@context\":\"https:\/\/schema.org\",\"@graph\":[{\"@type\":\"WebPage\",\"@id\":\"https:\/\/kim.lv\/en\/support\/patronu-braucieni\/\",\"url\":\"https:\/\/kim.lv\/en\/support\/patronu-braucieni\/\",\"name\":\"[:en]Patron trips[:lv]Patronu braucieni[:] - Kim? Laikmet\u012bg\u0101s m\u0101kslas centrs\",\"isPartOf\":{\"@id\":\"https:\/\/kim.lv\/en\/#website\"},\"datePublished\":\"2019-09-05T21:55:45+00:00\",\"dateModified\":\"2023-09-26T13:34:34+00:00\",\"breadcrumb\":{\"@id\":\"https:\/\/kim.lv\/en\/support\/patronu-braucieni\/#breadcrumb\"},\"inLanguage\":\"lv-LV\",\"potentialAction\":[{\"@type\":\"ReadAction\",\"target\":[\"https:\/\/kim.lv\/en\/support\/patronu-braucieni\/\"]}]},{\"@type\":\"BreadcrumbList\",\"@id\":\"https:\/\/kim.lv\/en\/support\/patronu-braucieni\/#breadcrumb\",\"itemListElement\":[{\"@type\":\"ListItem\",\"position\":1,\"name\":\"Home\",\"item\":\"https:\/\/kim.lv\/\"},{\"@type\":\"ListItem\",\"position\":2,\"name\":\"Support\",\"item\":\"https:\/\/kim.lv\/en\/support\/\"},{\"@type\":\"ListItem\",\"position\":3,\"name\":\"Patron trips\"}]},{\"@type\":\"WebSite\",\"@id\":\"https:\/\/kim.lv\/en\/#website\",\"url\":\"https:\/\/kim.lv\/en\/\",\"name\":\"Kim? Laikmet\u012bg\u0101s m\u0101kslas centrs\",\"description\":\"\",\"potentialAction\":[{\"@type\":\"SearchAction\",\"target\":{\"@type\":\"EntryPoint\",\"urlTemplate\":\"https:\/\/kim.lv\/en\/?s={search_term_string}\"},\"query-input\":\"required name=search_term_string\"}],\"inLanguage\":\"lv-LV\"}]}<\/script>\n<!-- \/ Yoast SEO plugin. -->","yoast_head_json":{"title":"[:en]Patron trips[:lv]Patronu braucieni[:] - Kim? Laikmet\u012bg\u0101s m\u0101kslas centrs","robots":{"index":"index","follow":"follow","max-snippet":"max-snippet:-1","max-image-preview":"max-image-preview:large","max-video-preview":"max-video-preview:-1"},"canonical":"https:\/\/kim.lv\/en\/support\/patronu-braucieni\/","og_locale":"lv_LV","og_type":"article","og_title":"[:en]Patron trips[:lv]Patronu braucieni[:] - Kim? Laikmet\u012bg\u0101s m\u0101kslas centrs","og_description":"Kim? vair\u0101kk\u0101rt gad\u0101 r\u012bko patronu\u00a0braucienus, lai kompetenta kuratora vad\u012bb\u0101 apzin\u0101tu laikmet\u012bg\u0101s kult\u016bras bag\u0101t\u012bbas. Programm\u0101 ietilpst priv\u0101tas ekskursijas da\u017e\u0101d\u0101s pasaules cien\u012bt\u0101s galerij\u0101s, iesp\u0113ju iel\u016bkoties m\u0101kslinieku studij\u0101s, satikt muzeju galvas, apskat\u012bt kolekcion\u0101ru m\u0101jas, un tas viss draudz\u012bg\u0101, priv\u0101t\u0101 atbalst\u012bt\u0101ju lok\u0101. &nbsp; Lai ieg\u016btu pla\u0161\u0101ku inform\u0101ciju par pl\u0101notajiem braucieniem, l\u016bdzu, rakstiet Evitai Gozei evita.goze@kim.lv &nbsp; Patronu\u00a0atbalsts Kim? sniedz [&hellip;]","og_url":"https:\/\/kim.lv\/en\/support\/patronu-braucieni\/","og_site_name":"Kim? Laikmet\u012bg\u0101s m\u0101kslas centrs","article_modified_time":"2023-09-26T13:34:34+00:00","twitter_card":"summary_large_image","twitter_misc":{"Est. reading time":"1 minute"},"schema":{"@context":"https:\/\/schema.org","@graph":[{"@type":"WebPage","@id":"https:\/\/kim.lv\/en\/support\/patronu-braucieni\/","url":"https:\/\/kim.lv\/en\/support\/patronu-braucieni\/","name":"[:en]Patron trips[:lv]Patronu braucieni[:] - Kim? Laikmet\u012bg\u0101s m\u0101kslas centrs","isPartOf":{"@id":"https:\/\/kim.lv\/en\/#website"},"datePublished":"2019-09-05T21:55:45+00:00","dateModified":"2023-09-26T13:34:34+00:00","breadcrumb":{"@id":"https:\/\/kim.lv\/en\/support\/patronu-braucieni\/#breadcrumb"},"inLanguage":"lv-LV","potentialAction":[{"@type":"ReadAction","target":["https:\/\/kim.lv\/en\/support\/patronu-braucieni\/"]}]},{"@type":"BreadcrumbList","@id":"https:\/\/kim.lv\/en\/support\/patronu-braucieni\/#breadcrumb","itemListElement":[{"@type":"ListItem","position":1,"name":"Home","item":"https:\/\/kim.lv\/"},{"@type":"ListItem","position":2,"name":"Support","item":"https:\/\/kim.lv\/en\/support\/"},{"@type":"ListItem","position":3,"name":"Patron trips"}]},{"@type":"WebSite","@id":"https:\/\/kim.lv\/en\/#website","url":"https:\/\/kim.lv\/en\/","name":"Kim? Laikmet\u012bg\u0101s m\u0101kslas centrs","description":"","potentialAction":[{"@type":"SearchAction","target":{"@type":"EntryPoint","urlTemplate":"https:\/\/kim.lv\/en\/?s={search_term_string}"},"query-input":"required name=search_term_string"}],"inLanguage":"lv-LV"}]}},"_links":{"self":[{"href":"https:\/\/kim.lv\/lv\/wp-json\/wp\/v2\/pages\/5202","targetHints":{"allow":["GET"]}}],"collection":[{"href":"https:\/\/kim.lv\/lv\/wp-json\/wp\/v2\/pages"}],"about":[{"href":"https:\/\/kim.lv\/lv\/wp-json\/wp\/v2\/types\/page"}],"author":[{"embeddable":true,"href":"https:\/\/kim.lv\/lv\/wp-json\/wp\/v2\/users\/2"}],"replies":[{"embeddable":true,"href":"https:\/\/kim.lv\/lv\/wp-json\/wp\/v2\/comments?post=5202"}],"version-history":[{"count":24,"href":"https:\/\/kim.lv\/lv\/wp-json\/wp\/v2\/pages\/5202\/revisions"}],"predecessor-version":[{"id":7620,"href":"https:\/\/kim.lv\/lv\/wp-json\/wp\/v2\/pages\/5202\/revisions\/7620"}],"up":[{"embeddable":true,"href":"https:\/\/kim.lv\/lv\/wp-json\/wp\/v2\/pages\/25"}],"wp:attachment":[{"href":"https:\/\/kim.lv\/lv\/wp-json\/wp\/v2\/media?parent=5202"}],"curies":[{"name":"wp","href":"https:\/\/api.w.org\/{rel}","templated":true}]}}