{"id":5213,"date":"2019-09-09T13:06:47","date_gmt":"2019-09-09T10:06:47","guid":{"rendered":"http:\/\/kim.lv\/?page_id=5213"},"modified":"2019-09-10T16:42:10","modified_gmt":"2019-09-10T13:42:10","slug":"klusti-par-biedru","status":"publish","type":"page","link":"https:\/\/kim.lv\/lv\/support\/klusti-par-biedru\/","title":{"rendered":"K\u013c\u016bsti par biedru"},"content":{"rendered":"Kim? ir biedr\u012bba, un j\u016bsu atbalsts m\u016bs uztur. Pievienojies m\u016bsu Kim? biedru lokam par 40 EUR gad\u0101, un sa\u0146em gada ieejas karti uz visiem pas\u0101kumiem 2 person\u0101m un iel\u016bgumus uz \u012bpa\u0161\u0101m biedru brokast\u012bm, esi tuv\u0101k m\u0101kslas procesiem. Lai ieg\u016btu vair\u0101k inform\u0101cijas kim@kim.lv","protected":false},"excerpt":{"rendered":"<p>Kim? ir biedr\u012bba, un j\u016bsu atbalsts m\u016bs uztur. Pievienojies m\u016bsu Kim? biedru lokam par 40 EUR gad\u0101, un sa\u0146em gada ieejas karti uz visiem pas\u0101kumiem 2 person\u0101m un iel\u016bgumus uz \u012bpa\u0161\u0101m biedru brokast\u012bm, esi tuv\u0101k m\u0101kslas procesiem. Lai ieg\u016btu vair\u0101k inform\u0101cijas kim@kim.lv<\/p>\n","protected":false},"author":2,"featured_media":0,"parent":25,"menu_order":0,"comment_status":"closed","ping_status":"closed","template":"","meta":{"inline_featured_image":false,"footnotes":""},"class_list":["post-5213","page","type-page","status-publish","hentry"],"acf":[],"yoast_head":"<!-- This site is optimized with the Yoast SEO plugin v21.9 - https:\/\/yoast.com\/wordpress\/plugins\/seo\/ -->\n<title>K\u013c\u016bsti par biedru - Kim? Laikmet\u012bg\u0101s m\u0101kslas centrs<\/title>\n<meta name=\"robots\" content=\"index, follow, max-snippet:-1, max-image-preview:large, max-video-preview:-1\" \/>\n<link rel=\"canonical\" href=\"https:\/\/kim.lv\/support\/klusti-par-biedru\/\" \/>\n<meta property=\"og:locale\" content=\"lv_LV\" \/>\n<meta property=\"og:type\" content=\"article\" \/>\n<meta property=\"og:title\" content=\"[:en]Become a member[:lv]K\u013c\u016bsti par biedru[:] - Kim? Laikmet\u012bg\u0101s m\u0101kslas centrs\" \/>\n<meta property=\"og:description\" content=\"Kim? ir biedr\u012bba, un j\u016bsu atbalsts m\u016bs uztur. Pievienojies m\u016bsu Kim? biedru lokam par 40 EUR gad\u0101, un sa\u0146em gada ieejas karti uz visiem pas\u0101kumiem 2 person\u0101m un iel\u016bgumus uz \u012bpa\u0161\u0101m biedru brokast\u012bm, esi tuv\u0101k m\u0101kslas procesiem. Lai ieg\u016btu vair\u0101k inform\u0101cijas kim@kim.lv\" \/>\n<meta property=\"og:url\" content=\"https:\/\/kim.lv\/support\/klusti-par-biedru\/\" \/>\n<meta property=\"og:site_name\" content=\"Kim? Laikmet\u012bg\u0101s m\u0101kslas centrs\" \/>\n<meta property=\"article:modified_time\" content=\"2019-09-10T13:42:10+00:00\" \/>\n<meta name=\"twitter:card\" content=\"summary_large_image\" \/>\n<meta name=\"twitter:label1\" content=\"Est. reading time\" \/>\n\t<meta name=\"twitter:data1\" content=\"1 minute\" \/>\n<script type=\"application\/ld+json\" class=\"yoast-schema-graph\">{\"@context\":\"https:\/\/schema.org\",\"@graph\":[{\"@type\":\"WebPage\",\"@id\":\"https:\/\/kim.lv\/support\/klusti-par-biedru\/\",\"url\":\"https:\/\/kim.lv\/support\/klusti-par-biedru\/\",\"name\":\"[:en]Become a member[:lv]K\u013c\u016bsti par biedru[:] - Kim? Laikmet\u012bg\u0101s m\u0101kslas centrs\",\"isPartOf\":{\"@id\":\"https:\/\/kim.lv\/en\/#website\"},\"datePublished\":\"2019-09-09T10:06:47+00:00\",\"dateModified\":\"2019-09-10T13:42:10+00:00\",\"breadcrumb\":{\"@id\":\"https:\/\/kim.lv\/support\/klusti-par-biedru\/#breadcrumb\"},\"inLanguage\":\"lv-LV\",\"potentialAction\":[{\"@type\":\"ReadAction\",\"target\":[\"https:\/\/kim.lv\/support\/klusti-par-biedru\/\"]}]},{\"@type\":\"BreadcrumbList\",\"@id\":\"https:\/\/kim.lv\/support\/klusti-par-biedru\/#breadcrumb\",\"itemListElement\":[{\"@type\":\"ListItem\",\"position\":1,\"name\":\"Home\",\"item\":\"https:\/\/kim.lv\/\"},{\"@type\":\"ListItem\",\"position\":2,\"name\":\"Support\",\"item\":\"https:\/\/kim.lv\/en\/support\/\"},{\"@type\":\"ListItem\",\"position\":3,\"name\":\"Become a member\"}]},{\"@type\":\"WebSite\",\"@id\":\"https:\/\/kim.lv\/en\/#website\",\"url\":\"https:\/\/kim.lv\/en\/\",\"name\":\"Kim? Laikmet\u012bg\u0101s m\u0101kslas centrs\",\"description\":\"\",\"potentialAction\":[{\"@type\":\"SearchAction\",\"target\":{\"@type\":\"EntryPoint\",\"urlTemplate\":\"https:\/\/kim.lv\/en\/?s={search_term_string}\"},\"query-input\":\"required name=search_term_string\"}],\"inLanguage\":\"lv-LV\"}]}<\/script>\n<!-- \/ Yoast SEO plugin. -->","yoast_head_json":{"title":"[:en]Become a member[:lv]K\u013c\u016bsti par biedru[:] - Kim? Laikmet\u012bg\u0101s m\u0101kslas centrs","robots":{"index":"index","follow":"follow","max-snippet":"max-snippet:-1","max-image-preview":"max-image-preview:large","max-video-preview":"max-video-preview:-1"},"canonical":"https:\/\/kim.lv\/support\/klusti-par-biedru\/","og_locale":"lv_LV","og_type":"article","og_title":"[:en]Become a member[:lv]K\u013c\u016bsti par biedru[:] - Kim? Laikmet\u012bg\u0101s m\u0101kslas centrs","og_description":"Kim? ir biedr\u012bba, un j\u016bsu atbalsts m\u016bs uztur. Pievienojies m\u016bsu Kim? biedru lokam par 40 EUR gad\u0101, un sa\u0146em gada ieejas karti uz visiem pas\u0101kumiem 2 person\u0101m un iel\u016bgumus uz \u012bpa\u0161\u0101m biedru brokast\u012bm, esi tuv\u0101k m\u0101kslas procesiem. Lai ieg\u016btu vair\u0101k inform\u0101cijas kim@kim.lv","og_url":"https:\/\/kim.lv\/support\/klusti-par-biedru\/","og_site_name":"Kim? Laikmet\u012bg\u0101s m\u0101kslas centrs","article_modified_time":"2019-09-10T13:42:10+00:00","twitter_card":"summary_large_image","twitter_misc":{"Est. reading time":"1 minute"},"schema":{"@context":"https:\/\/schema.org","@graph":[{"@type":"WebPage","@id":"https:\/\/kim.lv\/support\/klusti-par-biedru\/","url":"https:\/\/kim.lv\/support\/klusti-par-biedru\/","name":"[:en]Become a member[:lv]K\u013c\u016bsti par biedru[:] - Kim? Laikmet\u012bg\u0101s m\u0101kslas centrs","isPartOf":{"@id":"https:\/\/kim.lv\/en\/#website"},"datePublished":"2019-09-09T10:06:47+00:00","dateModified":"2019-09-10T13:42:10+00:00","breadcrumb":{"@id":"https:\/\/kim.lv\/support\/klusti-par-biedru\/#breadcrumb"},"inLanguage":"lv-LV","potentialAction":[{"@type":"ReadAction","target":["https:\/\/kim.lv\/support\/klusti-par-biedru\/"]}]},{"@type":"BreadcrumbList","@id":"https:\/\/kim.lv\/support\/klusti-par-biedru\/#breadcrumb","itemListElement":[{"@type":"ListItem","position":1,"name":"Home","item":"https:\/\/kim.lv\/"},{"@type":"ListItem","position":2,"name":"Support","item":"https:\/\/kim.lv\/en\/support\/"},{"@type":"ListItem","position":3,"name":"Become a member"}]},{"@type":"WebSite","@id":"https:\/\/kim.lv\/en\/#website","url":"https:\/\/kim.lv\/en\/","name":"Kim? Laikmet\u012bg\u0101s m\u0101kslas centrs","description":"","potentialAction":[{"@type":"SearchAction","target":{"@type":"EntryPoint","urlTemplate":"https:\/\/kim.lv\/en\/?s={search_term_string}"},"query-input":"required name=search_term_string"}],"inLanguage":"lv-LV"}]}},"_links":{"self":[{"href":"https:\/\/kim.lv\/lv\/wp-json\/wp\/v2\/pages\/5213","targetHints":{"allow":["GET"]}}],"collection":[{"href":"https:\/\/kim.lv\/lv\/wp-json\/wp\/v2\/pages"}],"about":[{"href":"https:\/\/kim.lv\/lv\/wp-json\/wp\/v2\/types\/page"}],"author":[{"embeddable":true,"href":"https:\/\/kim.lv\/lv\/wp-json\/wp\/v2\/users\/2"}],"replies":[{"embeddable":true,"href":"https:\/\/kim.lv\/lv\/wp-json\/wp\/v2\/comments?post=5213"}],"version-history":[{"count":2,"href":"https:\/\/kim.lv\/lv\/wp-json\/wp\/v2\/pages\/5213\/revisions"}],"predecessor-version":[{"id":5226,"href":"https:\/\/kim.lv\/lv\/wp-json\/wp\/v2\/pages\/5213\/revisions\/5226"}],"up":[{"embeddable":true,"href":"https:\/\/kim.lv\/lv\/wp-json\/wp\/v2\/pages\/25"}],"wp:attachment":[{"href":"https:\/\/kim.lv\/lv\/wp-json\/wp\/v2\/media?parent=5213"}],"curies":[{"name":"wp","href":"https:\/\/api.w.org\/{rel}","templated":true}]}}