{"id":8508,"date":"2025-01-27T11:53:40","date_gmt":"2025-01-27T09:53:40","guid":{"rendered":"https:\/\/kim.lv\/?page_id=8508"},"modified":"2025-02-11T12:24:52","modified_gmt":"2025-02-11T10:24:52","slug":"accessibility","status":"publish","type":"page","link":"https:\/\/kim.lv\/lv\/majas-lapa\/accessibility\/","title":{"rendered":"Piek\u013c\u016bstam\u012bba"},"content":{"rendered":"Kim? Laikmet\u012bg\u0101s m\u0101kslas centrs v\u0113las nodro\u0161in\u0101t m\u0101kslas pieejam\u012bbu ikvienam, t\u0101d\u0113\u013c \u0161obr\u012bd norit akt\u012bvs process, lai piel\u0101gotu centra telpu iek\u0101rtojuma, izst\u0101\u017eu un m\u0101kslas darbu inform\u0101cijas un m\u0101jaslapas lieto\u0161anu cilv\u0113kiem ar invalidit\u0101ti un funkcion\u0101liem trauc\u0113jumiem.<\/p>\n<p>&nbsp;<\/p>\n<p>&nbsp;<\/p>\n<p><strong>Piek\u013cuve telp\u0101m<\/strong><\/p>\n<p>&nbsp;<\/p>\n<p>&nbsp;<\/p>\n<ul>\n<li>\u0112k\u0101 ir iesp\u0113jams iek\u013c\u016bt person\u0101m, kuras izmanto rati\u0146kr\u0113slu. Ieeja no Sporta ielas kvart\u0101la iek\u0161pagalma puses.<\/li>\n<li>Pieejams telpu pl\u0101ns, lai pal\u012bdz\u0113tu pl\u0101not apmekl\u0113jumu.<\/li>\n<\/ul>\n<p>&nbsp;<\/p>\n<p>&nbsp;<\/p>\n<p><strong>Pal\u012bdz\u012bba un asist\u0113\u0161ana<\/strong><\/p>\n<p>&nbsp;<\/p>\n<p>&nbsp;<\/p>\n<ul>\n<li>Apmekl\u0113t\u0101ji var l\u016bgt darbiniekiem pal\u012bdz\u012bbu p\u0101rvieto\u0161an\u0101s un citu vajadz\u012bbu nodro\u0161in\u0101\u0161anai. Sazinieties ar Kim? darbiniekiem pa t\u0101lruni: +29600916.<\/li>\n<li>Iesak\u0101m iepriek\u0161 sazin\u0101ties un pieteikt viz\u012bti, lai nodro\u0161in\u0101tu atbalstu person\u0101m ar \u012bpa\u0161\u0101m vajadz\u012bb\u0101m.<\/li>\n<\/ul>\n<p>&nbsp;<\/p>\n<p>&nbsp;<\/p>\n<p><strong>Inform\u0101cijas pieejam\u012bba<\/strong><\/p>\n<p>&nbsp;<\/p>\n<p>&nbsp;<\/p>\n<ul>\n<li>Izst\u0101\u017eu un m\u0101kslas darbu apraksti tiek pak\u0101peniski piel\u0101goti viegl\u0101k las\u0101m\u0101 izpild\u012bjum\u0101 un alternat\u012bvos form\u0101tos.<\/li>\n<li>M\u0113s str\u0101d\u0101jam pie t\u0101, lai nodro\u0161in\u0101tu m\u0101jaslapas atbilst\u012bbu digit\u0101l\u0101s piek\u013c\u016bstam\u012bbas vadl\u012bnij\u0101m.<\/li>\n<\/ul>\n<p>&nbsp;<\/p>\n<p>&nbsp;<\/p>\n<p>Lai sa\u0146emtu papildu inform\u0101ciju vai pieteiktu viz\u012bti, l\u016bdzu, sazinieties ar mums izst\u0101\u017eu darba laik\u0101:<\/p>\n<p>&nbsp;<\/p>\n<p>Otr.\u2013Sv.: 12.00\u201318.00<\/p>\n<p>&nbsp;<\/p>\n<p>\ud83d\udce7\u00a0 kim@kim.lv<br \/>\n\ud83d\udcde\u00a0 +29600916<\/p>\n<p>&nbsp;<\/p>\n<p>M\u0113s priec\u0101simies uzklaus\u012bt ieteikumus, lai uzlabot pieejam\u012bbu visu apmekl\u0113t\u0101ju vajadz\u012bb\u0101m.<\/p>\n<p>&nbsp;","protected":false},"excerpt":{"rendered":"<p>Kim? Laikmet\u012bg\u0101s m\u0101kslas centrs v\u0113las nodro\u0161in\u0101t m\u0101kslas pieejam\u012bbu ikvienam, t\u0101d\u0113\u013c \u0161obr\u012bd norit akt\u012bvs process, lai piel\u0101gotu centra telpu iek\u0101rtojuma, izst\u0101\u017eu un m\u0101kslas darbu inform\u0101cijas un m\u0101jaslapas lieto\u0161anu cilv\u0113kiem ar invalidit\u0101ti un funkcion\u0101liem trauc\u0113jumiem. &nbsp; &nbsp; Piek\u013cuve telp\u0101m &nbsp; &nbsp; \u0112k\u0101 ir iesp\u0113jams iek\u013c\u016bt person\u0101m, kuras izmanto rati\u0146kr\u0113slu. Ieeja no Sporta ielas kvart\u0101la iek\u0161pagalma puses. Pieejams [&hellip;]<\/p>\n","protected":false},"author":2,"featured_media":0,"parent":2,"menu_order":0,"comment_status":"closed","ping_status":"closed","template":"","meta":{"inline_featured_image":false,"footnotes":""},"class_list":["post-8508","page","type-page","status-publish","hentry"],"acf":[],"yoast_head":"<!-- This site is optimized with the Yoast SEO plugin v21.9 - https:\/\/yoast.com\/wordpress\/plugins\/seo\/ -->\n<title>Piek\u013c\u016bstam\u012bba - Kim? Laikmet\u012bg\u0101s m\u0101kslas centrs<\/title>\n<meta name=\"robots\" content=\"index, follow, max-snippet:-1, max-image-preview:large, max-video-preview:-1\" \/>\n<link rel=\"canonical\" href=\"https:\/\/kim.lv\/majas-lapa\/accessibility\/\" \/>\n<meta property=\"og:locale\" content=\"lv_LV\" \/>\n<meta property=\"og:type\" content=\"article\" \/>\n<meta property=\"og:title\" content=\"[:en]Accessibility[:lv]Piek\u013c\u016bstam\u012bba[:] - Kim? Laikmet\u012bg\u0101s m\u0101kslas centrs\" \/>\n<meta property=\"og:description\" content=\"Kim? Laikmet\u012bg\u0101s m\u0101kslas centrs v\u0113las nodro\u0161in\u0101t m\u0101kslas pieejam\u012bbu ikvienam, t\u0101d\u0113\u013c \u0161obr\u012bd norit akt\u012bvs process, lai piel\u0101gotu centra telpu iek\u0101rtojuma, izst\u0101\u017eu un m\u0101kslas darbu inform\u0101cijas un m\u0101jaslapas lieto\u0161anu cilv\u0113kiem ar invalidit\u0101ti un funkcion\u0101liem trauc\u0113jumiem. &nbsp; &nbsp; Piek\u013cuve telp\u0101m &nbsp; &nbsp; \u0112k\u0101 ir iesp\u0113jams iek\u013c\u016bt person\u0101m, kuras izmanto rati\u0146kr\u0113slu. Ieeja no Sporta ielas kvart\u0101la iek\u0161pagalma puses. Pieejams [&hellip;]\" \/>\n<meta property=\"og:url\" content=\"https:\/\/kim.lv\/majas-lapa\/accessibility\/\" \/>\n<meta property=\"og:site_name\" content=\"Kim? Laikmet\u012bg\u0101s m\u0101kslas centrs\" \/>\n<meta property=\"article:modified_time\" content=\"2025-02-11T10:24:52+00:00\" \/>\n<meta name=\"twitter:card\" content=\"summary_large_image\" \/>\n<meta name=\"twitter:label1\" content=\"Est. reading time\" \/>\n\t<meta name=\"twitter:data1\" content=\"1 minute\" \/>\n<script type=\"application\/ld+json\" class=\"yoast-schema-graph\">{\"@context\":\"https:\/\/schema.org\",\"@graph\":[{\"@type\":\"WebPage\",\"@id\":\"https:\/\/kim.lv\/majas-lapa\/accessibility\/\",\"url\":\"https:\/\/kim.lv\/majas-lapa\/accessibility\/\",\"name\":\"[:en]Accessibility[:lv]Piek\u013c\u016bstam\u012bba[:] - Kim? Laikmet\u012bg\u0101s m\u0101kslas centrs\",\"isPartOf\":{\"@id\":\"https:\/\/kim.lv\/en\/#website\"},\"datePublished\":\"2025-01-27T09:53:40+00:00\",\"dateModified\":\"2025-02-11T10:24:52+00:00\",\"breadcrumb\":{\"@id\":\"https:\/\/kim.lv\/majas-lapa\/accessibility\/#breadcrumb\"},\"inLanguage\":\"lv-LV\",\"potentialAction\":[{\"@type\":\"ReadAction\",\"target\":[\"https:\/\/kim.lv\/majas-lapa\/accessibility\/\"]}]},{\"@type\":\"BreadcrumbList\",\"@id\":\"https:\/\/kim.lv\/majas-lapa\/accessibility\/#breadcrumb\",\"itemListElement\":[{\"@type\":\"ListItem\",\"position\":1,\"name\":\"Home\",\"item\":\"https:\/\/kim.lv\/\"},{\"@type\":\"ListItem\",\"position\":2,\"name\":\"Homepage\",\"item\":\"https:\/\/kim.lv\/\"},{\"@type\":\"ListItem\",\"position\":3,\"name\":\"Accessibility\"}]},{\"@type\":\"WebSite\",\"@id\":\"https:\/\/kim.lv\/en\/#website\",\"url\":\"https:\/\/kim.lv\/en\/\",\"name\":\"Kim? Laikmet\u012bg\u0101s m\u0101kslas centrs\",\"description\":\"\",\"potentialAction\":[{\"@type\":\"SearchAction\",\"target\":{\"@type\":\"EntryPoint\",\"urlTemplate\":\"https:\/\/kim.lv\/en\/?s={search_term_string}\"},\"query-input\":\"required name=search_term_string\"}],\"inLanguage\":\"lv-LV\"}]}<\/script>\n<!-- \/ Yoast SEO plugin. -->","yoast_head_json":{"title":"[:en]Accessibility[:lv]Piek\u013c\u016bstam\u012bba[:] - Kim? Laikmet\u012bg\u0101s m\u0101kslas centrs","robots":{"index":"index","follow":"follow","max-snippet":"max-snippet:-1","max-image-preview":"max-image-preview:large","max-video-preview":"max-video-preview:-1"},"canonical":"https:\/\/kim.lv\/majas-lapa\/accessibility\/","og_locale":"lv_LV","og_type":"article","og_title":"[:en]Accessibility[:lv]Piek\u013c\u016bstam\u012bba[:] - Kim? Laikmet\u012bg\u0101s m\u0101kslas centrs","og_description":"Kim? Laikmet\u012bg\u0101s m\u0101kslas centrs v\u0113las nodro\u0161in\u0101t m\u0101kslas pieejam\u012bbu ikvienam, t\u0101d\u0113\u013c \u0161obr\u012bd norit akt\u012bvs process, lai piel\u0101gotu centra telpu iek\u0101rtojuma, izst\u0101\u017eu un m\u0101kslas darbu inform\u0101cijas un m\u0101jaslapas lieto\u0161anu cilv\u0113kiem ar invalidit\u0101ti un funkcion\u0101liem trauc\u0113jumiem. &nbsp; &nbsp; Piek\u013cuve telp\u0101m &nbsp; &nbsp; \u0112k\u0101 ir iesp\u0113jams iek\u013c\u016bt person\u0101m, kuras izmanto rati\u0146kr\u0113slu. Ieeja no Sporta ielas kvart\u0101la iek\u0161pagalma puses. Pieejams [&hellip;]","og_url":"https:\/\/kim.lv\/majas-lapa\/accessibility\/","og_site_name":"Kim? Laikmet\u012bg\u0101s m\u0101kslas centrs","article_modified_time":"2025-02-11T10:24:52+00:00","twitter_card":"summary_large_image","twitter_misc":{"Est. reading time":"1 minute"},"schema":{"@context":"https:\/\/schema.org","@graph":[{"@type":"WebPage","@id":"https:\/\/kim.lv\/majas-lapa\/accessibility\/","url":"https:\/\/kim.lv\/majas-lapa\/accessibility\/","name":"[:en]Accessibility[:lv]Piek\u013c\u016bstam\u012bba[:] - Kim? Laikmet\u012bg\u0101s m\u0101kslas centrs","isPartOf":{"@id":"https:\/\/kim.lv\/en\/#website"},"datePublished":"2025-01-27T09:53:40+00:00","dateModified":"2025-02-11T10:24:52+00:00","breadcrumb":{"@id":"https:\/\/kim.lv\/majas-lapa\/accessibility\/#breadcrumb"},"inLanguage":"lv-LV","potentialAction":[{"@type":"ReadAction","target":["https:\/\/kim.lv\/majas-lapa\/accessibility\/"]}]},{"@type":"BreadcrumbList","@id":"https:\/\/kim.lv\/majas-lapa\/accessibility\/#breadcrumb","itemListElement":[{"@type":"ListItem","position":1,"name":"Home","item":"https:\/\/kim.lv\/"},{"@type":"ListItem","position":2,"name":"Homepage","item":"https:\/\/kim.lv\/"},{"@type":"ListItem","position":3,"name":"Accessibility"}]},{"@type":"WebSite","@id":"https:\/\/kim.lv\/en\/#website","url":"https:\/\/kim.lv\/en\/","name":"Kim? Laikmet\u012bg\u0101s m\u0101kslas centrs","description":"","potentialAction":[{"@type":"SearchAction","target":{"@type":"EntryPoint","urlTemplate":"https:\/\/kim.lv\/en\/?s={search_term_string}"},"query-input":"required name=search_term_string"}],"inLanguage":"lv-LV"}]}},"_links":{"self":[{"href":"https:\/\/kim.lv\/lv\/wp-json\/wp\/v2\/pages\/8508","targetHints":{"allow":["GET"]}}],"collection":[{"href":"https:\/\/kim.lv\/lv\/wp-json\/wp\/v2\/pages"}],"about":[{"href":"https:\/\/kim.lv\/lv\/wp-json\/wp\/v2\/types\/page"}],"author":[{"embeddable":true,"href":"https:\/\/kim.lv\/lv\/wp-json\/wp\/v2\/users\/2"}],"replies":[{"embeddable":true,"href":"https:\/\/kim.lv\/lv\/wp-json\/wp\/v2\/comments?post=8508"}],"version-history":[{"count":17,"href":"https:\/\/kim.lv\/lv\/wp-json\/wp\/v2\/pages\/8508\/revisions"}],"predecessor-version":[{"id":8558,"href":"https:\/\/kim.lv\/lv\/wp-json\/wp\/v2\/pages\/8508\/revisions\/8558"}],"up":[{"embeddable":true,"href":"https:\/\/kim.lv\/lv\/wp-json\/wp\/v2\/pages\/2"}],"wp:attachment":[{"href":"https:\/\/kim.lv\/lv\/wp-json\/wp\/v2\/media?parent=8508"}],"curies":[{"name":"wp","href":"https:\/\/api.w.org\/{rel}","templated":true}]}}